{"id":187,"date":"2025-04-25T11:09:20","date_gmt":"2025-04-25T14:09:20","guid":{"rendered":"http:\/\/alugueletemporada.com.br\/?page_id=187"},"modified":"2025-04-25T19:33:19","modified_gmt":"2025-04-25T22:33:19","slug":"collection","status":"publish","type":"page","link":"https:\/\/alugueletemporada.com.br\/index.php\/collection\/","title":{"rendered":"Apartamentos por temporada"},"content":{"rendered":"<p>[et_pb_section fb_built=&#8221;1&#8243; admin_label=&#8221;Gallery&#8221; _builder_version=&#8221;4.26.0&#8243; _module_preset=&#8221;default&#8221; global_colors_info=&#8221;%91%93&#8243;][et_pb_row _builder_version=&#8221;4.26.0&#8243; _module_preset=&#8221;default&#8221; locked=&#8221;off&#8221; global_colors_info=&#8221;%91%93&#8243;][et_pb_column type=&#8221;4_4&#8243; _builder_version=&#8221;4.26.0&#8243; _module_preset=&#8221;default&#8221; global_colors_info=&#8221;%91%93&#8243;][et_pb_heading title=&#8221;Chal\u00e9 em Valpara\u00edso&#8221; _builder_version=&#8221;4.27.0&#8243; _module_preset=&#8221;a8f0c622-e8de-4b8c-a76e-708bcea32472&#8243; custom_margin=&#8221;||10px||false|false&#8221; global_colors_info=&#8221;%91%93&#8243;][\/et_pb_heading][\/et_pb_column][\/et_pb_row][et_pb_row _builder_version=&#8221;4.27.4&#8243; _module_preset=&#8221;default&#8221; column_structure=&#8221;1_2,1_2&#8243;][et_pb_column _builder_version=&#8221;4.27.4&#8243; _module_preset=&#8221;default&#8221; type=&#8221;1_2&#8243;][et_pb_image src=&#8221;http:\/\/alugueletemporada.com.br\/wp-content\/uploads\/2025\/04\/frontaldeck_Valparaiso.jpeg&#8221; _builder_version=&#8221;4.27.4&#8243; _module_preset=&#8221;default&#8221; title_text=&#8221;frontaldeck_Valparaiso&#8221; hover_enabled=&#8221;0&#8243; sticky_enabled=&#8221;0&#8243;][\/et_pb_image][\/et_pb_column][et_pb_column _builder_version=&#8221;4.27.4&#8243; _module_preset=&#8221;default&#8221; type=&#8221;1_2&#8243;][et_pb_text _builder_version=&#8221;4.27.4&#8243; _module_preset=&#8221;default&#8221; hover_enabled=&#8221;0&#8243; sticky_enabled=&#8221;0&#8243;]<\/p>\n<p><span>Em meio \u00e0 natureza exuberante da serra de Petr\u00f3polis, no charmoso bairro de Valpara\u00edso, encontra-se uma verdadeira joia para quem busca tranquilidade, divers\u00e3o e muito conforto. Esta casa incr\u00edvel \u00e9 o local ideal para reunir grupos grandes, fam\u00edlias, amigos e at\u00e9 mesmo para a realiza\u00e7\u00e3o de eventos corporativos com charme e estrutura.<\/span><\/p>\n<p>[\/et_pb_text][et_pb_button button_text=&#8221;Saber maiis&#8221; _builder_version=&#8221;4.27.4&#8243; _module_preset=&#8221;default&#8221; button_url=&#8221;@ET-DC@eyJkeW5hbWljIjp0cnVlLCJjb250ZW50IjoicG9zdF9saW5rX3VybF9wYWdlIiwic2V0dGluZ3MiOnsicG9zdF9pZCI6IjI5MiJ9fQ==@&#8221; _dynamic_attributes=&#8221;button_url&#8221; hover_enabled=&#8221;0&#8243; sticky_enabled=&#8221;0&#8243;][\/et_pb_button][\/et_pb_column][\/et_pb_row][et_pb_row _builder_version=&#8221;4.26.0&#8243; _module_preset=&#8221;default&#8221; locked=&#8221;off&#8221; global_colors_info=&#8221;%91%93&#8243;][et_pb_column type=&#8221;4_4&#8243; _builder_version=&#8221;4.26.0&#8243; _module_preset=&#8221;default&#8221; global_colors_info=&#8221;%91%93&#8243;][et_pb_heading title=&#8221;Apartamentos em Copacabana&#8221; _builder_version=&#8221;4.27.0&#8243; _module_preset=&#8221;a8f0c622-e8de-4b8c-a76e-708bcea32472&#8243; custom_margin=&#8221;||10px||false|false&#8221; global_colors_info=&#8221;%91%93&#8243;][\/et_pb_heading][et_pb_text _builder_version=&#8221;4.27.4&#8243; _module_preset=&#8221;9b0ecab9-c29c-4b25-806b-3cbae7127b74&#8243; custom_padding=&#8221;||0px|||&#8221; global_colors_info=&#8221;{}&#8221;]<\/p>\n<p>Apartamentos confort\u00e1veis com excelente localiza\u00e7\u00e3o, todos pr\u00f3ximos a praia de Copacabana. O melhor para sua estadia!<\/p>\n<p>[\/et_pb_text][\/et_pb_column][\/et_pb_row][et_pb_row _builder_version=&#8221;4.27.4&#8243; _module_preset=&#8221;default&#8221; column_structure=&#8221;1_3,1_3,1_3&#8243; hover_enabled=&#8221;0&#8243; sticky_enabled=&#8221;0&#8243;][et_pb_column _builder_version=&#8221;4.27.4&#8243; _module_preset=&#8221;default&#8221; type=&#8221;1_3&#8243;][et_pb_image src=&#8221;http:\/\/alugueletemporada.com.br\/wp-content\/uploads\/2025\/04\/camacasal_perto_do_mar.png&#8221; _builder_version=&#8221;4.27.4&#8243; _module_preset=&#8221;default&#8221; title_text=&#8221;camacasal_perto_do_mar&#8221; hover_enabled=&#8221;0&#8243; sticky_enabled=&#8221;0&#8243;][\/et_pb_image][et_pb_text _builder_version=&#8221;4.27.4&#8243; _module_preset=&#8221;default&#8221; hover_enabled=&#8221;0&#8243; sticky_enabled=&#8221;0&#8243;]<\/p>\n<h4 class=\"entry-title\">Tranquilidade e Conforto a poucos passos da Praia de Copacabana<\/h4>\n<p><span>Se voc\u00ea busca um ref\u00fagio tranquilo no cora\u00e7\u00e3o de Copacabana, nosso loft \u00e9 a escolha ideal. Localizado a apenas uma quadra da praia, este espa\u00e7o oferece o equil\u00edbrio perfeito entre a agita\u00e7\u00e3o carioca e a serenidade que voc\u00ea merece.<\/span><\/p>\n<p><span><\/span><\/p>\n<p>[\/et_pb_text][et_pb_button button_text=&#8221;Saiba mais&#8221; _builder_version=&#8221;4.27.4&#8243; _module_preset=&#8221;default&#8221; button_url=&#8221;@ET-DC@eyJkeW5hbWljIjp0cnVlLCJjb250ZW50IjoicG9zdF9saW5rX3VybF9wYWdlIiwic2V0dGluZ3MiOnsicG9zdF9pZCI6Ijk4In19@&#8221; _dynamic_attributes=&#8221;button_url&#8221; hover_enabled=&#8221;0&#8243; sticky_enabled=&#8221;0&#8243; button_alignment=&#8221;center&#8221;][\/et_pb_button][\/et_pb_column][et_pb_column _builder_version=&#8221;4.27.4&#8243; _module_preset=&#8221;default&#8221; type=&#8221;1_3&#8243;][et_pb_image src=&#8221;http:\/\/alugueletemporada.com.br\/wp-content\/uploads\/2025\/04\/quarto2_vistamar.png&#8221; _builder_version=&#8221;4.27.4&#8243; _module_preset=&#8221;default&#8221; title_text=&#8221;quarto2_vistamar&#8221; hover_enabled=&#8221;0&#8243; sticky_enabled=&#8221;0&#8243;][\/et_pb_image][et_pb_text _builder_version=&#8221;4.27.4&#8243; _module_preset=&#8221;default&#8221; hover_enabled=&#8221;0&#8243; sticky_enabled=&#8221;0&#8243;]<\/p>\n<h4 class=\"entry-title\">Desperte com o Som das Ondas: Vista para o Mar em Copacabana<\/h4>\n<p><span>Imagine acordar todos os dias com a brisa do mar e a vista deslumbrante da Praia de Copacabana. Nosso apartamento oferece essa experi\u00eancia \u00fanica, combinando conforto, estilo e uma localiza\u00e7\u00e3o privilegiada no cora\u00e7\u00e3o do Rio de Janeiro.<\/span><\/p>\n<p><span><\/span><\/p>\n<p>[\/et_pb_text][et_pb_button button_text=&#8221;Saiba mais&#8221; _builder_version=&#8221;4.27.4&#8243; _module_preset=&#8221;default&#8221; button_url=&#8221;@ET-DC@eyJkeW5hbWljIjp0cnVlLCJjb250ZW50IjoicG9zdF9saW5rX3VybF9wYWdlIiwic2V0dGluZ3MiOnsicG9zdF9pZCI6IjcxIn19@&#8221; _dynamic_attributes=&#8221;button_url&#8221; hover_enabled=&#8221;0&#8243; sticky_enabled=&#8221;0&#8243; button_alignment=&#8221;center&#8221;][\/et_pb_button][\/et_pb_column][et_pb_column _builder_version=&#8221;4.27.4&#8243; _module_preset=&#8221;default&#8221; type=&#8221;1_3&#8243;][et_pb_image src=&#8221;http:\/\/alugueletemporada.com.br\/wp-content\/uploads\/2025\/04\/5_espacos_para_dormir.png&#8221; _builder_version=&#8221;4.27.4&#8243; _module_preset=&#8221;default&#8221; title_text=&#8221;5_espacos_para_dormir&#8221; hover_enabled=&#8221;0&#8243; sticky_enabled=&#8221;0&#8243;][\/et_pb_image][et_pb_text _builder_version=&#8221;4.27.4&#8243; _module_preset=&#8221;default&#8221; hover_enabled=&#8221;0&#8243; sticky_enabled=&#8221;0&#8243;]<\/p>\n<h5 class=\"entry-title\">Viva o Melhor de Copacabana: Apartamento com Vista Deslumbrante para o Mar<\/h5>\n<p><span>Se voc\u00ea est\u00e1 em busca de uma experi\u00eancia inesquec\u00edvel no cora\u00e7\u00e3o do Rio de Janeiro, nosso apartamento em Copacabana \u00e9 a escolha perfeita. Com uma localiza\u00e7\u00e3o privilegiada e uma vista espetacular para o mar, este im\u00f3vel oferece o conforto e a conveni\u00eancia que voc\u00ea procura.<\/span><\/p>\n<p><span><\/span><\/p>\n<p>[\/et_pb_text][et_pb_button button_text=&#8221;Saiba mais&#8221; _builder_version=&#8221;4.27.4&#8243; _module_preset=&#8221;default&#8221; button_url=&#8221;@ET-DC@eyJkeW5hbWljIjp0cnVlLCJjb250ZW50IjoicG9zdF9saW5rX3VybF9wYWdlIiwic2V0dGluZ3MiOnsicG9zdF9pZCI6IjYifX0=@&#8221; _dynamic_attributes=&#8221;button_url&#8221; hover_enabled=&#8221;0&#8243; sticky_enabled=&#8221;0&#8243; button_alignment=&#8221;center&#8221;][\/et_pb_button][\/et_pb_column][\/et_pb_row][\/et_pb_section][et_pb_section fb_built=&#8221;1&#8243; admin_label=&#8221;Call To Action&#8221; _builder_version=&#8221;4.27.0&#8243; _module_preset=&#8221;c1a9bdab-cf3c-4f2e-b4ac-d45d76f267f7&#8243; locked=&#8221;off&#8221; collapsed=&#8221;on&#8221; global_colors_info=&#8221;{}&#8221;][et_pb_row _builder_version=&#8221;4.27.0&#8243; _module_preset=&#8221;default&#8221; global_colors_info=&#8221;{}&#8221;][et_pb_column type=&#8221;4_4&#8243; _builder_version=&#8221;4.27.0&#8243; _module_preset=&#8221;default&#8221; global_colors_info=&#8221;{}&#8221;][et_pb_cta title=&#8221;Quer reservar uma experi\u00eancia incr\u00edvel?&#8221; button_url=&#8221;@ET-DC@eyJkeW5hbWljIjp0cnVlLCJjb250ZW50IjoicG9zdF9saW5rX3VybF9wYWdlIiwic2V0dGluZ3MiOnsicG9zdF9pZCI6IjE4OSJ9fQ==@&#8221; button_text=&#8221;Fa\u00e7a a sua reserva agora!&#8221; _builder_version=&#8221;4.27.4&#8243; _module_preset=&#8221;58c6e5bb-55db-4f19-a329-e27f72936906&#8243; hover_enabled=&#8221;0&#8243; global_colors_info=&#8221;{}&#8221; _dynamic_attributes=&#8221;button_url&#8221; sticky_enabled=&#8221;0&#8243;]<\/p>\n<p>Muito mais do que um espa\u00e7o, oferecemos uma experi\u00eancia. Entre em contato e fa\u00e7a agora a sua reserva.<\/p>\n<p>[\/et_pb_cta][\/et_pb_column][\/et_pb_row][\/et_pb_section]<\/p>\n","protected":false},"excerpt":{"rendered":"<p>Em meio \u00e0 natureza exuberante da serra de Petr\u00f3polis, no charmoso bairro de Valpara\u00edso, encontra-se uma verdadeira joia para quem busca tranquilidade, divers\u00e3o e muito conforto. Esta casa incr\u00edvel \u00e9 o local ideal para reunir grupos grandes, fam\u00edlias, amigos e at\u00e9 mesmo para a realiza\u00e7\u00e3o de eventos corporativos com charme e estrutura.Apartamentos confort\u00e1veis com excelente [&hellip;]<\/p>\n","protected":false},"author":2,"featured_media":0,"parent":0,"menu_order":0,"comment_status":"closed","ping_status":"closed","template":"","meta":{"_et_pb_use_builder":"on","_et_pb_old_content":"","_et_gb_content_width":"","footnotes":""},"class_list":["post-187","page","type-page","status-publish","hentry"],"_links":{"self":[{"href":"https:\/\/alugueletemporada.com.br\/index.php\/wp-json\/wp\/v2\/pages\/187","targetHints":{"allow":["GET"]}}],"collection":[{"href":"https:\/\/alugueletemporada.com.br\/index.php\/wp-json\/wp\/v2\/pages"}],"about":[{"href":"https:\/\/alugueletemporada.com.br\/index.php\/wp-json\/wp\/v2\/types\/page"}],"author":[{"embeddable":true,"href":"https:\/\/alugueletemporada.com.br\/index.php\/wp-json\/wp\/v2\/users\/2"}],"replies":[{"embeddable":true,"href":"https:\/\/alugueletemporada.com.br\/index.php\/wp-json\/wp\/v2\/comments?post=187"}],"version-history":[{"count":5,"href":"https:\/\/alugueletemporada.com.br\/index.php\/wp-json\/wp\/v2\/pages\/187\/revisions"}],"predecessor-version":[{"id":319,"href":"https:\/\/alugueletemporada.com.br\/index.php\/wp-json\/wp\/v2\/pages\/187\/revisions\/319"}],"wp:attachment":[{"href":"https:\/\/alugueletemporada.com.br\/index.php\/wp-json\/wp\/v2\/media?parent=187"}],"curies":[{"name":"wp","href":"https:\/\/api.w.org\/{rel}","templated":true}]}}