{"id":189,"date":"2025-04-25T11:09:20","date_gmt":"2025-04-25T14:09:20","guid":{"rendered":"http:\/\/alugueletemporada.com.br\/?page_id=189"},"modified":"2025-04-25T19:33:38","modified_gmt":"2025-04-25T22:33:38","slug":"contact","status":"publish","type":"page","link":"https:\/\/alugueletemporada.com.br\/index.php\/contact\/","title":{"rendered":"Fale Conosco"},"content":{"rendered":"<p>[et_pb_section fb_built=&#8221;1&#8243; admin_label=&#8221;Contact&#8221; _builder_version=&#8221;4.27.0&#8243; _module_preset=&#8221;default&#8221; collapsed=&#8221;on&#8221; global_colors_info=&#8221;{%22gcid-c162b465-cfd8-4aac-a916-10ea3ef7e864%22:%91%22background_color%22%93}&#8221;][et_pb_row column_structure=&#8221;3_4,1_4&#8243; make_equal=&#8221;on&#8221; _builder_version=&#8221;4.27.0&#8243; _module_preset=&#8221;default&#8221; global_colors_info=&#8221;%91%93&#8243;][et_pb_column type=&#8221;3_4&#8243; _builder_version=&#8221;4.27.0&#8243; _module_preset=&#8221;3ebb0128-b807-43fe-91d3-69312bf5ac30&#8243; custom_padding=&#8221;60px|120px|60px|90px|true|false&#8221; custom_padding_tablet=&#8221;60px|90px|60px|60px|true|false&#8221; custom_padding_phone=&#8221;60px|90px|60px|60px|true|false&#8221; custom_padding_last_edited=&#8221;on|tablet&#8221; global_colors_info=&#8221;%91%93&#8243;][et_pb_heading title=&#8221;Fale Conosco&#8221; _builder_version=&#8221;4.27.0&#8243; _module_preset=&#8221;a8f0c622-e8de-4b8c-a76e-708bcea32472&#8243; title_text_align=&#8221;center&#8221; global_colors_info=&#8221;{}&#8221;][\/et_pb_heading][et_pb_text _builder_version=&#8221;4.27.4&#8243; _module_preset=&#8221;9b0ecab9-c29c-4b25-806b-3cbae7127b74&#8243; text_orientation=&#8221;center&#8221; custom_margin=&#8221;30px||30px||true|false&#8221; custom_padding=&#8221;||||false&#8221; global_colors_info=&#8221;{}&#8221;]<\/p>\n<p>Quer saber mais sobre os espa\u00e7os ou agendar uma experi\u00eancia \u00fanica? Deixe uma mensagem ou entre em contato pelo WhatsApp.<\/p>\n<p>[\/et_pb_text][et_pb_text _builder_version=&#8221;4.27.4&#8243; _module_preset=&#8221;9b0ecab9-c29c-4b25-806b-3cbae7127b74&#8243; text_orientation=&#8221;center&#8221; custom_margin=&#8221;||0px||false|false&#8221; global_colors_info=&#8221;{}&#8221;]<\/p>\n<p>\u00a0(21) 99623-8176<\/p>\n<p>[\/et_pb_text][et_pb_text _builder_version=&#8221;4.27.4&#8243; _module_preset=&#8221;9b0ecab9-c29c-4b25-806b-3cbae7127b74&#8243; text_orientation=&#8221;center&#8221; custom_margin=&#8221;||0px||false|false&#8221; global_colors_info=&#8221;{}&#8221;]<\/p>\n<p><a href=\"mailto:%20vania@alugueletemporada.com.br\" target=\"_blank\" rel=\"noopener\">vania@alugueletemporada.com.br<\/a><\/p>\n<p>[\/et_pb_text][\/et_pb_column][et_pb_column type=&#8221;1_4&#8243; _builder_version=&#8221;4.27.0&#8243; _module_preset=&#8221;default&#8221; custom_padding=&#8221;60px||60px||true|false&#8221; custom_padding_tablet=&#8221;0px||0px||true|false&#8221; custom_padding_phone=&#8221;0px||0px||true|false&#8221; custom_padding_last_edited=&#8221;on|tablet&#8221; global_colors_info=&#8221;%91%93&#8243;][et_pb_image src=&#8221;http:\/\/alugueletemporada.com.br\/wp-content\/uploads\/2025\/04\/cozinha_vistamar-223&#215;300.png&#8221; title_text=&#8221;cozinha_vistamar&#8221; _builder_version=&#8221;4.27.4&#8243; _module_preset=&#8221;default&#8221; max_height_last_edited=&#8221;off|desktop&#8221; custom_margin=&#8221;|||-90px|false|false&#8221; custom_margin_tablet=&#8221;|||0px|false|false&#8221; custom_margin_phone=&#8221;|||0px|false|false&#8221; custom_margin_last_edited=&#8221;on|tablet&#8221; global_colors_info=&#8221;{}&#8221;][\/et_pb_image][\/et_pb_column][\/et_pb_row][\/et_pb_section]<\/p>\n","protected":false},"excerpt":{"rendered":"<p>Quer saber mais sobre os espa\u00e7os ou agendar uma experi\u00eancia \u00fanica? Deixe uma mensagem ou entre em contato pelo WhatsApp.\u00a0(21) 99623-8176vania@alugueletemporada.com.br<\/p>\n","protected":false},"author":2,"featured_media":0,"parent":0,"menu_order":0,"comment_status":"closed","ping_status":"closed","template":"","meta":{"_et_pb_use_builder":"on","_et_pb_old_content":"","_et_gb_content_width":"","footnotes":""},"class_list":["post-189","page","type-page","status-publish","hentry"],"_links":{"self":[{"href":"https:\/\/alugueletemporada.com.br\/index.php\/wp-json\/wp\/v2\/pages\/189","targetHints":{"allow":["GET"]}}],"collection":[{"href":"https:\/\/alugueletemporada.com.br\/index.php\/wp-json\/wp\/v2\/pages"}],"about":[{"href":"https:\/\/alugueletemporada.com.br\/index.php\/wp-json\/wp\/v2\/types\/page"}],"author":[{"embeddable":true,"href":"https:\/\/alugueletemporada.com.br\/index.php\/wp-json\/wp\/v2\/users\/2"}],"replies":[{"embeddable":true,"href":"https:\/\/alugueletemporada.com.br\/index.php\/wp-json\/wp\/v2\/comments?post=189"}],"version-history":[{"count":4,"href":"https:\/\/alugueletemporada.com.br\/index.php\/wp-json\/wp\/v2\/pages\/189\/revisions"}],"predecessor-version":[{"id":325,"href":"https:\/\/alugueletemporada.com.br\/index.php\/wp-json\/wp\/v2\/pages\/189\/revisions\/325"}],"wp:attachment":[{"href":"https:\/\/alugueletemporada.com.br\/index.php\/wp-json\/wp\/v2\/media?parent=189"}],"curies":[{"name":"wp","href":"https:\/\/api.w.org\/{rel}","templated":true}]}}