{"id":191,"date":"2025-04-25T11:09:20","date_gmt":"2025-04-25T14:09:20","guid":{"rendered":"http:\/\/alugueletemporada.com.br\/?page_id=191"},"modified":"2025-04-25T19:52:04","modified_gmt":"2025-04-25T22:52:04","slug":"home","status":"publish","type":"page","link":"https:\/\/alugueletemporada.com.br\/","title":{"rendered":"Home"},"content":{"rendered":"<p>[et_pb_section fb_built=&#8221;1&#8243; admin_label=&#8221;Header&#8221; _builder_version=&#8221;4.27.4&#8243; _module_preset=&#8221;default&#8221; global_colors_info=&#8221;{%22gcid-c162b465-cfd8-4aac-a916-10ea3ef7e864%22:%91%22background_color%22%93}&#8221;][et_pb_row _builder_version=&#8221;4.27.4&#8243; _module_preset=&#8221;default&#8221; global_colors_info=&#8221;%91%93&#8243;][et_pb_column type=&#8221;4_4&#8243; _builder_version=&#8221;4.27.4&#8243; _module_preset=&#8221;default&#8221; global_colors_info=&#8221;%91%93&#8243;][et_pb_slider show_arrows=&#8221;off&#8221; show_pagination=&#8221;off&#8221; _builder_version=&#8221;4.27.4&#8243; _dynamic_attributes=&#8221;link_option_url&#8221; _module_preset=&#8221;1fe5ce5f-8055-4ac7-ab76-11ebea005aa7&#8243; display_conditions=&#8221;W3siaWQiOiIxNWE5MjdkZC05YmIzLTQzY2ItOGU2Ny0yYjBkZmZmNmMxMjQiLCJjb25kaXRpb24iOiJwb3N0VHlwZSIsImNvbmRpdGlvblNldHRpbmdzIjp7ImRpc3BsYXlSdWxlIjoiaXMiLCJwb3N0VHlwZXMiOlt7ImxhYmVsIjoiUMOhZ2luYXMiLCJ2YWx1ZSI6InBhZ2UifV0sImFkbWluTGFiZWwiOiJUaXBvIGRlIHBvc3RhZ2VtIiwiZW5hYmxlQ29uZGl0aW9uIjoib24ifSwib3BlcmF0b3IiOiJPUiJ9LHsiaWQiOiI4YTVhZTkzMS1hNTQ2LTQ4MzItOTgzNS0yYjMyMTJjMWViN2MiLCJjb25kaXRpb24iOiJwYWdlIiwiY29uZGl0aW9uU2V0dGluZ3MiOnsiZGlzcGxheVJ1bGUiOiJpcyIsImR5bmFtaWNQb3N0cyI6W3sibGFiZWwiOiJQZXJ0aW5obyBkbyBtYXIgZW0gQ29wYWNhYmFuYSBlIHNpbGVuY2lvc28iLCJ2YWx1ZSI6Ijk4In0seyJsYWJlbCI6IlZpc3RhIE1hciBlbSBDb3BhY2FiYW5hIiwidmFsdWUiOiI3MSJ9LHsibGFiZWwiOiJEZWxtYXJlIGV4Y2VsZW50ZSB2aXN0YSBtYXIiLCJ2YWx1ZSI6IjYifV0sInBvc3RUeXBlTGFiZWwiOiJQw6FnaW5hcyIsImFkbWluTGFiZWwiOiJQw6FnaW5hcyIsImVuYWJsZUNvbmRpdGlvbiI6Im9uIn0sIm9wZXJhdG9yIjoiT1IifV0=&#8221; link_option_url=&#8221;@ET-DC@eyJkeW5hbWljIjp0cnVlLCJjb250ZW50IjoicG9zdF9saW5rX3VybF9wb3N0Iiwic2V0dGluZ3MiOnsicG9zdF9pZCI6IjE0MiJ9fQ==@&#8221; global_colors_info=&#8221;{}&#8221;][et_pb_slide heading=&#8221;Seu Ref\u00fagio dos Sonhos na Serra: Conforto, Lazer e Espa\u00e7o para Todos&#8221; button_text=&#8221;Saiba mais&#8221; button_link=&#8221;@ET-DC@eyJkeW5hbWljIjp0cnVlLCJjb250ZW50IjoicG9zdF9saW5rX3VybF9wb3N0Iiwic2V0dGluZ3MiOnsicG9zdF9pZCI6IjE1OSJ9fQ==@&#8221; image=&#8221;http:\/\/alugueletemporada.com.br\/wp-content\/uploads\/2025\/04\/quartochale_Valparaiso.png&#8221; _builder_version=&#8221;4.27.4&#8243; _dynamic_attributes=&#8221;button_link&#8221; _module_preset=&#8221;default&#8221; background_image=&#8221;http:\/\/alugueletemporada.com.br\/wp-content\/uploads\/2025\/04\/BeachTennis2_Valparaiso.png&#8221; background_enable_image=&#8221;on&#8221; global_colors_info=&#8221;{}&#8221; sticky_transition=&#8221;on&#8221;]<\/p>\n<p>Em meio \u00e0 natureza exuberante da serra de Petr\u00f3polis, no charmoso bairro de Valpara\u00edso, encontra-se uma verdadeira joia para quem busca tranquilidade, divers\u00e3o e muito conforto. Esta casa incr\u00edvel \u00e9 o local ideal para reunir grupos grandes, fam\u00edlias, amigos e at\u00e9 mesmo para a realiza\u00e7\u00e3o de eventos corporativos com charme e estrutura.<\/p>\n<p>[\/et_pb_slide][et_pb_slide heading=&#8221;Tranquilidade e Conforto a Poucos Passos da Praia de Copacabana&#8221; button_text=&#8221;Saiba mais&#8221; button_link=&#8221;@ET-DC@eyJkeW5hbWljIjp0cnVlLCJjb250ZW50IjoicG9zdF9saW5rX3VybF9wb3N0Iiwic2V0dGluZ3MiOnsicG9zdF9pZCI6IjE0NCJ9fQ==@&#8221; image=&#8221;http:\/\/alugueletemporada.com.br\/wp-content\/uploads\/2025\/04\/quarto_perto_do_mar.png&#8221; _builder_version=&#8221;4.27.4&#8243; _dynamic_attributes=&#8221;button_link&#8221; _module_preset=&#8221;default&#8221; background_enable_color=&#8221;off&#8221; background_image=&#8221;http:\/\/alugueletemporada.com.br\/wp-content\/uploads\/2025\/04\/camacasal_perto_do_mar.png&#8221; background_enable_image=&#8221;on&#8221; global_colors_info=&#8221;{}&#8221; sticky_transition=&#8221;on&#8221;]<\/p>\n<p>Se voc\u00ea busca um ref\u00fagio tranquilo no cora\u00e7\u00e3o de Copacabana, nosso loft \u00e9 a escolha ideal. Localizado a apenas uma quadra da praia, este espa\u00e7o oferece o equil\u00edbrio perfeito entre a agita\u00e7\u00e3o carioca e a serenidade que voc\u00ea merece.<\/p>\n<p>[\/et_pb_slide][et_pb_slide heading=&#8221;Desperte com o Som das Ondas: Apartamento com Vista para o Mar em Copacabana&#8221; button_text=&#8221;Saiba mais&#8221; image=&#8221;http:\/\/alugueletemporada.com.br\/wp-content\/uploads\/2025\/04\/arejado_vistamar.png&#8221; _builder_version=&#8221;4.27.4&#8243; _module_preset=&#8221;default&#8221; background_enable_color=&#8221;off&#8221; background_image=&#8221;http:\/\/alugueletemporada.com.br\/wp-content\/uploads\/2025\/04\/quartoangulo_vistamar.png&#8221; background_enable_image=&#8221;on&#8221; global_colors_info=&#8221;{}&#8221; sticky_transition=&#8221;on&#8221;]<\/p>\n<p>Imagine acordar todos os dias com a brisa do mar e a vista deslumbrante da Praia de Copacabana. Nosso apartamento oferece essa experi\u00eancia \u00fanica, combinando conforto, estilo e uma localiza\u00e7\u00e3o privilegiada no cora\u00e7\u00e3o do Rio de Janeiro.<\/p>\n<p>[\/et_pb_slide][et_pb_slide heading=&#8221;Viva o Melhor de Copacabana: Apartamento com Vista Deslumbrante para o Mar&#8221; button_text=&#8221;Saiba mais&#8221; image=&#8221;http:\/\/alugueletemporada.com.br\/wp-content\/uploads\/2025\/04\/sala_de_estar_1-edited.png&#8221; _builder_version=&#8221;4.27.4&#8243; _module_preset=&#8221;default&#8221; background_enable_color=&#8221;off&#8221; background_image=&#8221;http:\/\/alugueletemporada.com.br\/wp-content\/uploads\/2025\/04\/quarto4.png&#8221; background_enable_image=&#8221;on&#8221; global_colors_info=&#8221;{}&#8221; sticky_transition=&#8221;on&#8221;]<\/p>\n<p>Se voc\u00ea est\u00e1 em busca de uma experi\u00eancia inesquec\u00edvel no cora\u00e7\u00e3o do Rio de Janeiro, nosso apartamento em Copacabana \u00e9 a escolha perfeita. Com uma localiza\u00e7\u00e3o privilegiada e uma vista espetacular para o mar, este im\u00f3vel oferece o conforto e a conveni\u00eancia que voc\u00ea procura.<\/p>\n<p>[\/et_pb_slide][\/et_pb_slider][et_pb_heading title=&#8221;O conforto que voc\u00ea e sua fam\u00edlia merecem em espa\u00e7os super bem localizados em Copacabana e Petr\u00f3polis.&#8221; _builder_version=&#8221;4.27.0&#8243; _module_preset=&#8221;dacb5c08-ae5b-43e4-ad0b-85fc126a250e&#8221; global_colors_info=&#8221;%91%93&#8243;][\/et_pb_heading][\/et_pb_column][\/et_pb_row][et_pb_row _builder_version=&#8221;4.27.4&#8243; _module_preset=&#8221;default&#8221; background_color=&#8221;#FFFFFF&#8221; global_colors_info=&#8221;%91%93&#8243;][et_pb_column type=&#8221;4_4&#8243; _builder_version=&#8221;4.26.0&#8243; _module_preset=&#8221;default&#8221; global_colors_info=&#8221;%91%93&#8243;][et_pb_image src=&#8221;http:\/\/alugueletemporada.com.br\/wp-content\/uploads\/2025\/04\/Anfitriao_VaniaJacobina_11anos.png&#8221; title_text=&#8221;Anfitriao_VaniaJacobina_11anos&#8221; _builder_version=&#8221;4.27.4&#8243; _module_preset=&#8221;default&#8221; global_colors_info=&#8221;{}&#8221;][\/et_pb_image][et_pb_text _builder_version=&#8221;4.27.4&#8243; _module_preset=&#8221;default&#8221; custom_margin=&#8221;0px|100px|0px|100px|false|false&#8221; custom_padding=&#8221;0px||0px||false|false&#8221; hover_enabled=&#8221;0&#8243; global_colors_info=&#8221;{}&#8221; content_last_edited=&#8221;on|phone&#8221; sticky_enabled=&#8221;0&#8243; content_phone=&#8221;<\/p>\n<p><strong>Ol\u00e1, eu sou V\u00e2nia Jacobina, sua anfitri\u00e3! Como arquiteta sempre fui apaixonada por transformar espa\u00e7os em experi\u00eancias!\u00a0<\/strong><\/p>\n<p>&#8221; custom_margin_last_edited=&#8221;on|phone&#8221; content_tablet=&#8221;<\/p>\n<p><strong>Ol\u00e1, eu sou V\u00e2nia Jacobina, sua anfitri\u00e3! Como arquiteta sempre fui apaixonada por transformar espa\u00e7os em experi\u00eancias! Hoje tenho 3 apartamentos em Copacabana e um espa\u00e7o incr\u00edvel em Petr\u00f3polis. Hoje sou superhost do airbnb, com uma experi\u00eancia de mais de 11 anos. Agora convido voc\u00ea a conhecer esses espa\u00e7os!<\/strong><\/p>\n<p>&#8221; custom_margin_tablet=&#8221;0px|100px|0px|100px|false|false&#8221; custom_margin_phone=&#8221;0px|100px|0px|100px|false|false&#8221;]<\/p>\n<p><strong>Ol\u00e1, eu sou V\u00e2nia Jacobina, sua anfitri\u00e3! Como arquiteta sempre fui apaixonada por transformar espa\u00e7os em experi\u00eancias! Hoje tenho 3 apartamentos em Copacabana e um espa\u00e7o incr\u00edvel em Petr\u00f3polis. Hoje sou superhost do airbnb, com uma experi\u00eancia de mais de 11 anos. Agora convido voc\u00ea a conhecer esses espa\u00e7os!<\/strong><\/p>\n<p>[\/et_pb_text][\/et_pb_column][\/et_pb_row][et_pb_row column_structure=&#8221;2_3,1_3&#8243; _builder_version=&#8221;4.26.0&#8243; _module_preset=&#8221;default&#8221; global_colors_info=&#8221;%91%93&#8243;][et_pb_column type=&#8221;2_3&#8243; _builder_version=&#8221;4.26.0&#8243; _module_preset=&#8221;default&#8221; global_colors_info=&#8221;%91%93&#8243;][\/et_pb_column][et_pb_column type=&#8221;1_3&#8243; _builder_version=&#8221;4.26.0&#8243; _module_preset=&#8221;default&#8221; global_colors_info=&#8221;%91%93&#8243;][et_pb_button button_url=&#8221;@ET-DC@eyJkeW5hbWljIjp0cnVlLCJjb250ZW50IjoicG9zdF9saW5rX3VybF9wYWdlIiwic2V0dGluZ3MiOnsicG9zdF9pZCI6IjE4NyJ9fQ==@&#8221; button_text=&#8221;Veja todos os espa\u00e7os dispon\u00edveis&#8221; button_alignment=&#8221;right&#8221; button_alignment_tablet=&#8221;left&#8221; button_alignment_phone=&#8221;left&#8221; button_alignment_last_edited=&#8221;on|tablet&#8221; _builder_version=&#8221;4.27.4&#8243; _dynamic_attributes=&#8221;button_url&#8221; _module_preset=&#8221;d7d3f2eb-2923-48eb-9c37-7bb40d8cc83d&#8221; global_colors_info=&#8221;{%22gcid-primary-color%22:%91%22button_text_color%22%93}&#8221;][\/et_pb_button][\/et_pb_column][\/et_pb_row][\/et_pb_section][et_pb_section fb_built=&#8221;1&#8243; admin_label=&#8221;Gallery&#8221; _builder_version=&#8221;4.27.0&#8243; _module_preset=&#8221;default&#8221; global_colors_info=&#8221;{}&#8221;][et_pb_row _builder_version=&#8221;4.26.0&#8243; _module_preset=&#8221;default&#8221; global_colors_info=&#8221;%91%93&#8243;][et_pb_column type=&#8221;4_4&#8243; _builder_version=&#8221;4.26.0&#8243; _module_preset=&#8221;default&#8221; global_colors_info=&#8221;%91%93&#8243;][et_pb_blog _builder_version=&#8221;4.27.4&#8243; _module_preset=&#8221;default&#8221; global_colors_info=&#8221;{}&#8221;][\/et_pb_blog][et_pb_button button_url=&#8221;@ET-DC@eyJkeW5hbWljIjp0cnVlLCJjb250ZW50IjoicG9zdF9saW5rX3VybF9wb3N0Iiwic2V0dGluZ3MiOnsicG9zdF9pZCI6IjE1OSJ9fQ==@&#8221; button_text=&#8221;Ver mais dicas&#8221; button_alignment=&#8221;right&#8221; _builder_version=&#8221;4.27.4&#8243; _dynamic_attributes=&#8221;button_url&#8221; _module_preset=&#8221;d7d3f2eb-2923-48eb-9c37-7bb40d8cc83d&#8221; global_colors_info=&#8221;{%22gcid-primary-color%22:%91%22button_text_color%22%93}&#8221;][\/et_pb_button][\/et_pb_column][\/et_pb_row][\/et_pb_section][et_pb_section fb_built=&#8221;1&#8243; admin_label=&#8221;Quote&#8221; _builder_version=&#8221;4.27.4&#8243; _module_preset=&#8221;05f9bff8-69c6-4964-a883-a24ea7facad9&#8243; background_image=&#8221;http:\/\/alugueletemporada.com.br\/wp-content\/uploads\/2025\/04\/Valparaiso.png&#8221; custom_padding=&#8221;10vw||10vw||true|false&#8221; locked=&#8221;off&#8221; collapsed=&#8221;on&#8221; global_colors_info=&#8221;{%22gcid-843956c4-6403-47c9-ab23-9d333462e520%22:%91%22background_color_gradient_stops%22%93}&#8221;][et_pb_row _builder_version=&#8221;4.26.0&#8243; _module_preset=&#8221;default&#8221; global_colors_info=&#8221;%91%93&#8243;][et_pb_column type=&#8221;4_4&#8243; _builder_version=&#8221;4.26.0&#8243; _module_preset=&#8221;default&#8221; global_colors_info=&#8221;%91%93&#8243;][et_pb_heading title=&#8221;Um espa\u00e7o completo para confraterniza\u00e7\u00f5es e descanso, na melhor localiza\u00e7\u00e3o de Pet\u00f3polis!&#8221; _builder_version=&#8221;4.27.0&#8243; _module_preset=&#8221;e0129898-17a3-4622-9d7f-9011fbb848a3&#8243; title_text_align=&#8221;center&#8221; title_text_color=&#8221;#FFFFFF&#8221; global_colors_info=&#8221;%91%93&#8243;][\/et_pb_heading][et_pb_button button_text=&#8221;Conhe\u00e7a o espa\u00e7o!&#8221; button_alignment=&#8221;center&#8221; _builder_version=&#8221;4.27.4&#8243; _module_preset=&#8221;1815d366-41da-4e64-ac47-cadba892e4e0&#8243; hover_enabled=&#8221;0&#8243; global_colors_info=&#8221;{}&#8221; button_url=&#8221;@ET-DC@eyJkeW5hbWljIjp0cnVlLCJjb250ZW50IjoicG9zdF9saW5rX3VybF9wYWdlIiwic2V0dGluZ3MiOnsicG9zdF9pZCI6IjI5MiJ9fQ==@&#8221; _dynamic_attributes=&#8221;button_url&#8221; sticky_enabled=&#8221;0&#8243;][\/et_pb_button][\/et_pb_column][\/et_pb_row][\/et_pb_section]<\/p>\n","protected":false},"excerpt":{"rendered":"<p>Em meio \u00e0 natureza exuberante da serra de Petr\u00f3polis, no charmoso bairro de Valpara\u00edso, encontra-se uma verdadeira joia para quem busca tranquilidade, divers\u00e3o e muito conforto. Esta casa incr\u00edvel \u00e9 o local ideal para reunir grupos grandes, fam\u00edlias, amigos e at\u00e9 mesmo para a realiza\u00e7\u00e3o de eventos corporativos com charme e estrutura.Se voc\u00ea busca um [&hellip;]<\/p>\n","protected":false},"author":2,"featured_media":0,"parent":0,"menu_order":0,"comment_status":"closed","ping_status":"closed","template":"","meta":{"_et_pb_use_builder":"on","_et_pb_old_content":"","_et_gb_content_width":"","footnotes":""},"class_list":["post-191","page","type-page","status-publish","hentry"],"_links":{"self":[{"href":"https:\/\/alugueletemporada.com.br\/index.php\/wp-json\/wp\/v2\/pages\/191","targetHints":{"allow":["GET"]}}],"collection":[{"href":"https:\/\/alugueletemporada.com.br\/index.php\/wp-json\/wp\/v2\/pages"}],"about":[{"href":"https:\/\/alugueletemporada.com.br\/index.php\/wp-json\/wp\/v2\/types\/page"}],"author":[{"embeddable":true,"href":"https:\/\/alugueletemporada.com.br\/index.php\/wp-json\/wp\/v2\/users\/2"}],"replies":[{"embeddable":true,"href":"https:\/\/alugueletemporada.com.br\/index.php\/wp-json\/wp\/v2\/comments?post=191"}],"version-history":[{"count":13,"href":"https:\/\/alugueletemporada.com.br\/index.php\/wp-json\/wp\/v2\/pages\/191\/revisions"}],"predecessor-version":[{"id":328,"href":"https:\/\/alugueletemporada.com.br\/index.php\/wp-json\/wp\/v2\/pages\/191\/revisions\/328"}],"wp:attachment":[{"href":"https:\/\/alugueletemporada.com.br\/index.php\/wp-json\/wp\/v2\/media?parent=191"}],"curies":[{"name":"wp","href":"https:\/\/api.w.org\/{rel}","templated":true}]}}