{"id":292,"date":"2025-04-25T18:42:13","date_gmt":"2025-04-25T21:42:13","guid":{"rendered":"https:\/\/alugueletemporada.com.br\/?page_id=292"},"modified":"2025-04-25T18:42:22","modified_gmt":"2025-04-25T21:42:22","slug":"paraiso-na-serra-muito-esporte-e-lazer-quadra-de-beach-tennis","status":"publish","type":"page","link":"https:\/\/alugueletemporada.com.br\/index.php\/paraiso-na-serra-muito-esporte-e-lazer-quadra-de-beach-tennis\/","title":{"rendered":"Paraiso na serra, muito esporte e lazer! Quadra de Beach Tennis!"},"content":{"rendered":"<p>[et_pb_section fb_built=&#8221;1&#8243; theme_builder_area=&#8221;post_content&#8221; _builder_version=&#8221;4.27.4&#8243; _module_preset=&#8221;default&#8221;][et_pb_row _builder_version=&#8221;4.27.4&#8243; _module_preset=&#8221;default&#8221; theme_builder_area=&#8221;post_content&#8221;][et_pb_column _builder_version=&#8221;4.27.4&#8243; _module_preset=&#8221;default&#8221; type=&#8221;4_4&#8243; theme_builder_area=&#8221;post_content&#8221;][et_pb_text _builder_version=&#8221;4.27.4&#8243; _module_preset=&#8221;default&#8221; theme_builder_area=&#8221;post_content&#8221; hover_enabled=&#8221;0&#8243; sticky_enabled=&#8221;0&#8243;]<\/p>\n<h1><span>Paraiso na serra, muito esporte e lazer! Quadra de Beach Tennis!<\/span><\/h1>\n<p>[\/et_pb_text][\/et_pb_column][\/et_pb_row][et_pb_row _builder_version=&#8221;4.27.4&#8243; _module_preset=&#8221;default&#8221; theme_builder_area=&#8221;post_content&#8221;][et_pb_column _builder_version=&#8221;4.27.4&#8243; _module_preset=&#8221;default&#8221; type=&#8221;4_4&#8243; theme_builder_area=&#8221;post_content&#8221;][et_pb_button button_text=&#8221;Quero alugar!&#8221; _builder_version=&#8221;4.27.4&#8243; _module_preset=&#8221;default&#8221; theme_builder_area=&#8221;post_content&#8221; button_url=&#8221;https:\/\/www.airbnb.com.br\/rooms\/54398971?guests=1&#038;adults=1&#038;s=67&#038;unique_share_id=d5970ec4-5321-401f-a73d-32635bb2502a&#8221; url_new_window=&#8221;on&#8221; hover_enabled=&#8221;0&#8243; sticky_enabled=&#8221;0&#8243; button_alignment=&#8221;right&#8221;][\/et_pb_button][\/et_pb_column][\/et_pb_row][et_pb_row _builder_version=&#8221;4.27.4&#8243; _module_preset=&#8221;default&#8221; theme_builder_area=&#8221;post_content&#8221; hover_enabled=&#8221;0&#8243; sticky_enabled=&#8221;0&#8243;][et_pb_column _builder_version=&#8221;4.27.4&#8243; _module_preset=&#8221;default&#8221; type=&#8221;4_4&#8243; theme_builder_area=&#8221;post_content&#8221;][et_pb_gallery _builder_version=&#8221;4.27.4&#8243; _module_preset=&#8221;default&#8221; theme_builder_area=&#8221;post_content&#8221; gallery_ids=&#8221;299,306,304,305,307,298,301,303,310,308,309,294,295,296,297,311,312&#8243; hover_enabled=&#8221;0&#8243; sticky_enabled=&#8221;0&#8243; fullwidth=&#8221;on&#8221;][\/et_pb_gallery][\/et_pb_column][\/et_pb_row][et_pb_row _builder_version=&#8221;4.27.4&#8243; _module_preset=&#8221;default&#8221; theme_builder_area=&#8221;post_content&#8221;][et_pb_column _builder_version=&#8221;4.27.4&#8243; _module_preset=&#8221;default&#8221; type=&#8221;4_4&#8243; theme_builder_area=&#8221;post_content&#8221;][et_pb_text _builder_version=&#8221;4.27.4&#8243; _module_preset=&#8221;default&#8221; theme_builder_area=&#8221;post_content&#8221; hover_enabled=&#8221;0&#8243; sticky_enabled=&#8221;0&#8243;]<\/p>\n<h2 class=\"hpipapi atm_7l_1kw7nm4 atm_c8_1x4eueo atm_cs_1kw7nm4 atm_g3_1kw7nm4 atm_gi_idpfg4 atm_l8_idpfg4 atm_kd_idpfg4_pfnrn2 dir dir-ltr\" elementtiming=\"LCP-target\" tabindex=\"-1\">Espa\u00e7o inteiro:<br \/>Chal\u00e9 em Valpara\u00edso &#8211; Petr\u00f3polis<\/h2>\n<h5>Mais de 16 h\u00f3spedes <span class=\"pen26si dir dir-ltr\"><span class=\"s1b4clln atm_mj_glywfm atm_vb_glywfm atm_vv_1jtmq4 atm_lk_idpfg4 atm_ll_idpfg4 dir dir-ltr\" aria-hidden=\"true\">\u00b7 <\/span><\/span>5 quartos <span class=\"pen26si dir dir-ltr\"><span class=\"s1b4clln atm_mj_glywfm atm_vb_glywfm atm_vv_1jtmq4 atm_lk_idpfg4 atm_ll_idpfg4 dir dir-ltr\" aria-hidden=\"true\">\u00b7 <\/span><\/span>11 camas <span class=\"pen26si dir dir-ltr\"><span class=\"s1b4clln atm_mj_glywfm atm_vb_glywfm atm_vv_1jtmq4 atm_lk_idpfg4 atm_ll_idpfg4 dir dir-ltr\" aria-hidden=\"true\">\u00b7 <\/span><\/span>4 banheiros<\/h5>\n<p>[\/et_pb_text][\/et_pb_column][\/et_pb_row][et_pb_row _builder_version=&#8221;4.27.4&#8243; _module_preset=&#8221;default&#8221; theme_builder_area=&#8221;post_content&#8221; background_color=&#8221;#FFFFFF&#8221; hover_enabled=&#8221;0&#8243; sticky_enabled=&#8221;0&#8243;][et_pb_column _builder_version=&#8221;4.27.4&#8243; _module_preset=&#8221;default&#8221; type=&#8221;4_4&#8243; theme_builder_area=&#8221;post_content&#8221;][et_pb_image src=&#8221;http:\/\/alugueletemporada.com.br\/wp-content\/uploads\/2025\/04\/preferido_Valparaiso.png&#8221; _builder_version=&#8221;4.27.4&#8243; _module_preset=&#8221;default&#8221; theme_builder_area=&#8221;post_content&#8221; title_text=&#8221;preferido_Valparaiso&#8221; hover_enabled=&#8221;0&#8243; sticky_enabled=&#8221;0&#8243; align=&#8221;center&#8221;][\/et_pb_image][et_pb_image src=&#8221;http:\/\/alugueletemporada.com.br\/wp-content\/uploads\/2025\/04\/Anfitriao_VaniaJacobina_11anos.png&#8221; _builder_version=&#8221;4.27.4&#8243; _module_preset=&#8221;default&#8221; theme_builder_area=&#8221;post_content&#8221; title_text=&#8221;Anfitriao_VaniaJacobina_11anos&#8221; hover_enabled=&#8221;0&#8243; sticky_enabled=&#8221;0&#8243; custom_margin=&#8221;|||120px|false|false&#8221;][\/et_pb_image][et_pb_image src=&#8221;http:\/\/alugueletemporada.com.br\/wp-content\/uploads\/2025\/04\/localizacao_Valparaiso.png&#8221; _builder_version=&#8221;4.27.4&#8243; _module_preset=&#8221;default&#8221; theme_builder_area=&#8221;post_content&#8221; title_text=&#8221;localiza\u00e7\u00e3o_Valparaiso&#8221; hover_enabled=&#8221;0&#8243; sticky_enabled=&#8221;0&#8243; custom_margin=&#8221;|||120px|false|false&#8221;][\/et_pb_image][et_pb_image src=&#8221;http:\/\/alugueletemporada.com.br\/wp-content\/uploads\/2025\/04\/airbnb.png&#8221; _builder_version=&#8221;4.27.4&#8243; _module_preset=&#8221;default&#8221; theme_builder_area=&#8221;post_content&#8221; title_text=&#8221;airbnb&#8221; hover_enabled=&#8221;0&#8243; sticky_enabled=&#8221;0&#8243;][\/et_pb_image][\/et_pb_column][\/et_pb_row][et_pb_row _builder_version=&#8221;4.27.4&#8243; _module_preset=&#8221;default&#8221; theme_builder_area=&#8221;post_content&#8221;][et_pb_column _builder_version=&#8221;4.27.4&#8243; _module_preset=&#8221;default&#8221; type=&#8221;4_4&#8243; theme_builder_area=&#8221;post_content&#8221;][et_pb_text _builder_version=&#8221;4.27.4&#8243; _module_preset=&#8221;default&#8221; theme_builder_area=&#8221;post_content&#8221; hover_enabled=&#8221;0&#8243; sticky_enabled=&#8221;0&#8243;]<\/p>\n<div class=\"_1tyq5tj\">\n<h2 class=\"hpipapi atm_7l_1kw7nm4 atm_c8_1x4eueo atm_cs_1kw7nm4 atm_g3_1kw7nm4 atm_gi_idpfg4 atm_l8_idpfg4 atm_kd_idpfg4_pfnrn2 dir dir-ltr\" elementtiming=\"LCP-target\" tabindex=\"-1\">Sobre este espa\u00e7o<\/h2>\n<\/div>\n<div class=\"_tp3sbt\">\n<section><span class=\"l1h825yc atm_kd_19r6f69_24z95b atm_kd_19r6f69_1xbvphn_1oszvuo dir dir-ltr\">Ref\u00fagio Completo na Serra \u2013 4 Casas de Temporada com Lazer. Este incr\u00edvel espa\u00e7o na serra conta com quatro constru\u00e7\u00f5es independentes, ideal para reunir fam\u00edlia e amigos com todo conforto e privacidade. Quadra de Beach Tennis com ilumina\u00e7\u00e3o, Piscina com deck e espregui\u00e7adeiras, Jardim arborizado com paisagismo encantador, Estacionamento amplo para v\u00e1rios ve\u00edculos, Espa\u00e7o gourmet completo, com churrasqueira, forno de pizza e \u00e1rea coberta para refei\u00e7\u00f5es. Sal\u00e3o de jogos equipado para todas as idades.<\/span><\/section>\n<section><span class=\"l1h825yc atm_kd_19r6f69_24z95b atm_kd_19r6f69_1xbvphn_1oszvuo dir dir-ltr\"><\/span><\/section>\n<section>\n<div class=\"_gt7myn\">\n<h3 class=\"hpipapi atm_7l_1kw7nm4 atm_c8_1x4eueo atm_cs_1kw7nm4 atm_g3_1kw7nm4 atm_gi_idpfg4 atm_l8_idpfg4 atm_kd_idpfg4_pfnrn2 dir dir-ltr\" elementtiming=\"LCP-target\" tabindex=\"-1\">O espa\u00e7o<\/h3>\n<\/div>\n<p><span class=\"l1h825yc atm_kd_19r6f69_24z95b atm_kd_19r6f69_1xbvphn_1oszvuo dir dir-ltr\">\ud83c\udfe1 Ref\u00fagio familiar com lazer completo em Petr\u00f3polis \u2013 perfeito para curtir, relaxar e se movimentar!<\/span><\/p>\n<p><span>\ud83c\udf56<\/span>Se voc\u00ea procura um lugar especial para reunir a fam\u00edlia com conforto, contato com a natureza e muita op\u00e7\u00e3o de lazer, acabou de encontrar! Localizada no bairro Valpara\u00edso, uma \u00e1rea tranquila e arborizada pertinho do centro hist\u00f3rico de Petr\u00f3polis, nossa propriedade \u00e9 o destino perfeito para quem quer descansar, brincar, cozinhar junto e praticar esportes.<\/p>\n<p>\ud83c\udf1f O espa\u00e7o \u00e9 composto por 4 constru\u00e7\u00f5es exclusivas para seu grupo, garantindo privacidade e conforto para todos.<br \/>Com 5 su\u00edtes e 3 quartos, a casa acomoda grandes fam\u00edlias com muito espa\u00e7o e praticidade. H\u00e1 v\u00e1rios banheiros, ent\u00e3o ningu\u00e9m precisa esperar para tomar banho depois da piscina ou de um jogo na quadra.<\/p>\n<\/section>\n<\/div>\n<p>[\/et_pb_text][et_pb_button button_text=&#8221;Quero saber mais&#8221; _builder_version=&#8221;4.27.4&#8243; _module_preset=&#8221;default&#8221; theme_builder_area=&#8221;post_content&#8221; hover_enabled=&#8221;0&#8243; sticky_enabled=&#8221;0&#8243; global_colors_info=&#8221;{}&#8221; button_bg_color=&#8221;#E02B20&#8243; url_new_window=&#8221;on&#8221; button_url=&#8221;https:\/\/www.airbnb.com.br\/rooms\/54398971?guests=1&#038;adults=1&#038;s=67&#038;unique_share_id=59e68508-94ec-4a8c-9841-78221fd605a4&#8243; button_alignment=&#8221;right&#8221; background_layout=&#8221;dark&#8221; button_text_size=&#8221;20px&#8221; button_font=&#8221;&#8211;et_global_heading_font||||||||&#8221;][\/et_pb_button][et_pb_image src=&#8221;http:\/\/alugueletemporada.com.br\/wp-content\/uploads\/2025\/04\/vistaaerea_Valparaiso.jpeg&#8221; _builder_version=&#8221;4.27.4&#8243; _module_preset=&#8221;default&#8221; theme_builder_area=&#8221;post_content&#8221; title_text=&#8221;vistaaerea_Valparaiso&#8221; hover_enabled=&#8221;0&#8243; sticky_enabled=&#8221;0&#8243;][\/et_pb_image][et_pb_text _builder_version=&#8221;4.27.4&#8243; _module_preset=&#8221;default&#8221; theme_builder_area=&#8221;post_content&#8221; hover_enabled=&#8221;0&#8243; sticky_enabled=&#8221;0&#8243;]<\/p>\n<h4><span>\u2600\ufe0f Destaques da casa:<\/span><\/h4>\n<p><span>\ud83c\udfca\u200d\u2642\ufe0f Piscina ampla e ensolarada, ideal para adultos e crian\u00e7as<\/span><br \/><span>\ud83c\udfbe Quadra de beach tennis, para partidas animadas com a galera<\/span><br \/><span>\u26bd Espa\u00e7o para atividades esportivas ao ar livre<\/span><br \/><span>\ud83c\udf56 \u00c1rea gourmet completa com churrasqueira, perfeita para almo\u00e7os em fam\u00edlia<\/span><br \/><span>\ud83e\uddf8 Parquinho infantil e \u00e1reas verdes para os pequenos se divertirem com seguran\u00e7a<\/span><br \/><span>\ud83c\udfaf Sal\u00e3o de jogos com op\u00e7\u00f5es para todas as idades<\/span><br \/><span>\ud83d\ude97 Estacionamento espa\u00e7oso, com vagas para todos os carros<\/span><br \/><span>\ud83c\udf33 Jardins bem cuidados, com cantinhos ideais para relaxar, ler ou fazer um piquenique<\/span><\/p>\n<p>[\/et_pb_text][\/et_pb_column][\/et_pb_row][et_pb_row _builder_version=&#8221;4.27.4&#8243; _module_preset=&#8221;default&#8221; theme_builder_area=&#8221;post_content&#8221; column_structure=&#8221;1_3,1_3,1_3&#8243;][et_pb_column _builder_version=&#8221;4.27.4&#8243; _module_preset=&#8221;default&#8221; type=&#8221;1_3&#8243; theme_builder_area=&#8221;post_content&#8221;][et_pb_image src=&#8221;http:\/\/alugueletemporada.com.br\/wp-content\/uploads\/2025\/04\/salaodejogos_Valparaiso.jpeg&#8221; _builder_version=&#8221;4.27.4&#8243; _module_preset=&#8221;default&#8221; theme_builder_area=&#8221;post_content&#8221; title_text=&#8221;salaodejogos_Valparaiso&#8221; hover_enabled=&#8221;0&#8243; sticky_enabled=&#8221;0&#8243;][\/et_pb_image][\/et_pb_column][et_pb_column _builder_version=&#8221;4.27.4&#8243; _module_preset=&#8221;default&#8221; type=&#8221;1_3&#8243; theme_builder_area=&#8221;post_content&#8221;][et_pb_image src=&#8221;http:\/\/alugueletemporada.com.br\/wp-content\/uploads\/2025\/04\/piscina_Valparaiso.jpeg&#8221; _builder_version=&#8221;4.27.4&#8243; _module_preset=&#8221;default&#8221; theme_builder_area=&#8221;post_content&#8221; title_text=&#8221;piscina_Valparaiso&#8221; hover_enabled=&#8221;0&#8243; sticky_enabled=&#8221;0&#8243;][\/et_pb_image][\/et_pb_column][et_pb_column _builder_version=&#8221;4.27.4&#8243; _module_preset=&#8221;default&#8221; type=&#8221;1_3&#8243; theme_builder_area=&#8221;post_content&#8221;][et_pb_image src=&#8221;http:\/\/alugueletemporada.com.br\/wp-content\/uploads\/2025\/04\/beachtennis3_Valparaiso.jpeg&#8221; _builder_version=&#8221;4.27.4&#8243; _module_preset=&#8221;default&#8221; theme_builder_area=&#8221;post_content&#8221; title_text=&#8221;beachtennis3_Valparaiso&#8221; hover_enabled=&#8221;0&#8243; sticky_enabled=&#8221;0&#8243;][\/et_pb_image][\/et_pb_column][\/et_pb_row][et_pb_row _builder_version=&#8221;4.27.4&#8243; _module_preset=&#8221;default&#8221; theme_builder_area=&#8221;post_content&#8221;][et_pb_column _builder_version=&#8221;4.27.4&#8243; _module_preset=&#8221;default&#8221; type=&#8221;4_4&#8243; theme_builder_area=&#8221;post_content&#8221;][et_pb_text _builder_version=&#8221;4.27.4&#8243; _module_preset=&#8221;default&#8221; theme_builder_area=&#8221;post_content&#8221; hover_enabled=&#8221;0&#8243; sticky_enabled=&#8221;0&#8243;]<\/p>\n<h4><span>\ud83d\udccdLocaliza\u00e7\u00e3o privilegiada: <\/span><\/h4>\n<p><span>estamos no bairro Valpara\u00edso, a poucos minutos dos principais restaurantes, atra\u00e7\u00f5es tur\u00edsticas e do charme do centro hist\u00f3rico de Petr\u00f3polis.<\/span><\/p>\n<p>[\/et_pb_text][et_pb_image src=&#8221;http:\/\/alugueletemporada.com.br\/wp-content\/uploads\/2025\/04\/banner_Valparaiso-1.png&#8221; _builder_version=&#8221;4.27.4&#8243; _module_preset=&#8221;default&#8221; theme_builder_area=&#8221;post_content&#8221; title_text=&#8221;banner_Valparaiso&#8221; hover_enabled=&#8221;0&#8243; sticky_enabled=&#8221;0&#8243;][\/et_pb_image][\/et_pb_column][\/et_pb_row][et_pb_row _builder_version=&#8221;4.27.4&#8243; _module_preset=&#8221;default&#8221; theme_builder_area=&#8221;post_content&#8221;][et_pb_column _builder_version=&#8221;4.27.4&#8243; _module_preset=&#8221;default&#8221; type=&#8221;4_4&#8243; theme_builder_area=&#8221;post_content&#8221;][et_pb_image src=&#8221;http:\/\/alugueletemporada.com.br\/wp-content\/uploads\/2025\/04\/nota_Valparaiso.png&#8221; _builder_version=&#8221;4.27.4&#8243; _module_preset=&#8221;default&#8221; theme_builder_area=&#8221;post_content&#8221; title_text=&#8221;nota_Valparaiso&#8221; hover_enabled=&#8221;0&#8243; sticky_enabled=&#8221;0&#8243;][\/et_pb_image][\/et_pb_column][\/et_pb_row][et_pb_row _builder_version=&#8221;4.27.4&#8243; _module_preset=&#8221;default&#8221; theme_builder_area=&#8221;post_content&#8221;][et_pb_column _builder_version=&#8221;4.27.4&#8243; _module_preset=&#8221;default&#8221; type=&#8221;4_4&#8243; theme_builder_area=&#8221;post_content&#8221;][et_pb_button button_text=&#8221;Quero alugar!&#8221; _builder_version=&#8221;4.27.4&#8243; _module_preset=&#8221;default&#8221; theme_builder_area=&#8221;post_content&#8221; button_url=&#8221;https:\/\/www.airbnb.com.br\/rooms\/54398971?guests=1&#038;adults=1&#038;s=67&#038;unique_share_id=558ed700-8051-416e-9941-d8ef397f5ce3&#8243; url_new_window=&#8221;on&#8221; button_text_size=&#8221;24px&#8221; hover_enabled=&#8221;0&#8243; sticky_enabled=&#8221;0&#8243; button_alignment=&#8221;center&#8221;][\/et_pb_button][\/et_pb_column][\/et_pb_row][\/et_pb_section]<\/p>\n","protected":false},"excerpt":{"rendered":"<p>Paraiso na serra, muito esporte e lazer! Quadra de Beach Tennis!Espa\u00e7o inteiro:Chal\u00e9 em Valpara\u00edso &#8211; Petr\u00f3polis Mais de 16 h\u00f3spedes \u00b7 5 quartos \u00b7 11 camas \u00b7 4 banheiros Sobre este espa\u00e7o Ref\u00fagio Completo na Serra \u2013 4 Casas de Temporada com Lazer. Este incr\u00edvel espa\u00e7o na serra conta com quatro constru\u00e7\u00f5es independentes, ideal para [&hellip;]<\/p>\n","protected":false},"author":1,"featured_media":0,"parent":0,"menu_order":0,"comment_status":"closed","ping_status":"closed","template":"","meta":{"_et_pb_use_builder":"on","_et_pb_old_content":"","_et_gb_content_width":"","footnotes":""},"class_list":["post-292","page","type-page","status-publish","hentry"],"_links":{"self":[{"href":"https:\/\/alugueletemporada.com.br\/index.php\/wp-json\/wp\/v2\/pages\/292","targetHints":{"allow":["GET"]}}],"collection":[{"href":"https:\/\/alugueletemporada.com.br\/index.php\/wp-json\/wp\/v2\/pages"}],"about":[{"href":"https:\/\/alugueletemporada.com.br\/index.php\/wp-json\/wp\/v2\/types\/page"}],"author":[{"embeddable":true,"href":"https:\/\/alugueletemporada.com.br\/index.php\/wp-json\/wp\/v2\/users\/1"}],"replies":[{"embeddable":true,"href":"https:\/\/alugueletemporada.com.br\/index.php\/wp-json\/wp\/v2\/comments?post=292"}],"version-history":[{"count":2,"href":"https:\/\/alugueletemporada.com.br\/index.php\/wp-json\/wp\/v2\/pages\/292\/revisions"}],"predecessor-version":[{"id":317,"href":"https:\/\/alugueletemporada.com.br\/index.php\/wp-json\/wp\/v2\/pages\/292\/revisions\/317"}],"wp:attachment":[{"href":"https:\/\/alugueletemporada.com.br\/index.php\/wp-json\/wp\/v2\/media?parent=292"}],"curies":[{"name":"wp","href":"https:\/\/api.w.org\/{rel}","templated":true}]}}