{"id":71,"date":"2025-04-24T13:31:17","date_gmt":"2025-04-24T16:31:17","guid":{"rendered":"http:\/\/alugueletemporada.com.br\/?page_id=71"},"modified":"2025-04-25T19:33:54","modified_gmt":"2025-04-25T22:33:54","slug":"vista-mar-em-copacabana","status":"publish","type":"page","link":"https:\/\/alugueletemporada.com.br\/index.php\/vista-mar-em-copacabana\/","title":{"rendered":"Vista Mar em Copacabana"},"content":{"rendered":"\n<div class=\"wp-block-group is-layout-constrained wp-block-group-is-layout-constrained\">\n<div class=\"wp-block-columns is-layout-flex wp-container-core-columns-is-layout-9d6595d7 wp-block-columns-is-layout-flex\">\n<div class=\"wp-block-column is-layout-flow wp-block-column-is-layout-flow\" style=\"flex-basis:100%\">\n<div class=\"wp-block-columns is-layout-flex wp-container-core-columns-is-layout-9d6595d7 wp-block-columns-is-layout-flex\">\n<div class=\"wp-block-column is-layout-flow wp-block-column-is-layout-flow\">\n<p><strong>Espa\u00e7o inteiro:<\/strong> <br>Apartamento em Rio de Janeiro, Brasil<br>2 h\u00f3spedes \u00b7 1 quarto \u00b7 4 camas \u00b7 1 banheiro <\/p>\n<\/div>\n\n\n\n<div class=\"wp-block-column is-vertically-aligned-center is-layout-flow wp-block-column-is-layout-flow\">\n<div class=\"wp-block-buttons is-content-justification-right is-layout-flex wp-container-core-buttons-is-layout-765c4724 wp-block-buttons-is-layout-flex\">\n<div class=\"wp-block-button\"><a class=\"wp-block-button__link wp-element-button\" href=\"https:\/\/www.airbnb.com.br\/rooms\/782478360232992077?guests=1&amp;adults=1&amp;s=67&amp;unique_share_id=849e4f6e-613e-4da4-aff1-0ce7dfad8de4\">Alugue agora em seguran\u00e7a<\/a><\/div>\n<\/div>\n<\/div>\n<\/div>\n<\/div>\n<\/div>\n<\/div>\n\n\n\n<figure class=\"wp-block-image size-full\"><img loading=\"lazy\" decoding=\"async\" width=\"452\" height=\"112\" src=\"http:\/\/alugueletemporada.com.br\/wp-content\/uploads\/2025\/04\/Anfitriao_VaniaJacobina_11anos.png\" alt=\"Anfitri\u00e3 V\u00e3nia Jacobina - Superhost do airbnb\" class=\"wp-image-39\" srcset=\"https:\/\/alugueletemporada.com.br\/wp-content\/uploads\/2025\/04\/Anfitriao_VaniaJacobina_11anos.png 452w, https:\/\/alugueletemporada.com.br\/wp-content\/uploads\/2025\/04\/Anfitriao_VaniaJacobina_11anos-300x74.png 300w\" sizes=\"(max-width: 452px) 100vw, 452px\" \/><\/figure>\n\n\n\n<figure class=\"wp-block-image size-full\"><img loading=\"lazy\" decoding=\"async\" width=\"840\" height=\"160\" src=\"http:\/\/alugueletemporada.com.br\/wp-content\/uploads\/2025\/04\/Captura-de-tela-2025-04-24-130300.png\" alt=\"\" class=\"wp-image-72\" srcset=\"https:\/\/alugueletemporada.com.br\/wp-content\/uploads\/2025\/04\/Captura-de-tela-2025-04-24-130300.png 840w, https:\/\/alugueletemporada.com.br\/wp-content\/uploads\/2025\/04\/Captura-de-tela-2025-04-24-130300-300x57.png 300w, https:\/\/alugueletemporada.com.br\/wp-content\/uploads\/2025\/04\/Captura-de-tela-2025-04-24-130300-768x146.png 768w\" sizes=\"(max-width: 840px) 100vw, 840px\" \/><\/figure>\n\n\n\n<h2 class=\"wp-block-heading\">Sobre este espa\u00e7o<\/h2>\n\n\n\n<p>Vista do Mar! 2 minutos da praia, bem-localizado, ventilado , iluminado e seguro! Portaria 24h , restaurantes, bancos, mercados, metr\u00f4, tudo na sua quadra. Poss\u00edvel barulho noturno, pois estar\u00e1 no cora\u00e7\u00e3o de Copacabana em uma via movimentada.<br>Banheiro confort\u00e1vel e novo assim como todo apartamento, foi rec\u00e9m reformado.<br>Cama padr\u00e3o nova e sof\u00e1 cama novo.<br>Pr\u00e9dio residencial.<br>Proibido receber pessoas no apt pois a portaria tem controle para melhor seguran\u00e7a de todos.<br>Sejam bem-vindos !<\/p>\n\n\n\n<figure class=\"wp-block-image size-full\"><img loading=\"lazy\" decoding=\"async\" width=\"822\" height=\"282\" src=\"http:\/\/alugueletemporada.com.br\/wp-content\/uploads\/2025\/04\/localizacao.png\" alt=\"\" class=\"wp-image-74\" srcset=\"https:\/\/alugueletemporada.com.br\/wp-content\/uploads\/2025\/04\/localizacao.png 822w, https:\/\/alugueletemporada.com.br\/wp-content\/uploads\/2025\/04\/localizacao-300x103.png 300w, https:\/\/alugueletemporada.com.br\/wp-content\/uploads\/2025\/04\/localizacao-768x263.png 768w\" sizes=\"(max-width: 822px) 100vw, 822px\" \/><\/figure>\n\n\n\n<h2 class=\"wp-block-heading\">Onde voc\u00ea vai dormir<\/h2>\n\n\n\n<figure class=\"wp-block-image size-full\"><img loading=\"lazy\" decoding=\"async\" width=\"947\" height=\"626\" src=\"http:\/\/alugueletemporada.com.br\/wp-content\/uploads\/2025\/04\/arejado_vistamar.png\" alt=\"\" class=\"wp-image-73\" srcset=\"https:\/\/alugueletemporada.com.br\/wp-content\/uploads\/2025\/04\/arejado_vistamar.png 947w, https:\/\/alugueletemporada.com.br\/wp-content\/uploads\/2025\/04\/arejado_vistamar-300x198.png 300w, https:\/\/alugueletemporada.com.br\/wp-content\/uploads\/2025\/04\/arejado_vistamar-768x508.png 768w\" sizes=\"(max-width: 947px) 100vw, 947px\" \/><\/figure>\n\n\n\n<p>O espa\u00e7o possui um sof\u00e1 cama e uma cama de casal. Todo o espa\u00e7o foi rec\u00e9m reformado, limpo e arejado para o seu total comforto.<\/p>\n\n\n\n<figure class=\"wp-block-image size-full\"><a href=\"https:\/\/www.airbnb.com.br\/rooms\/782478360232992077?guests=1&amp;adults=1&amp;s=67&amp;unique_share_id=c423597f-f205-438e-aa95-9c2d5e0683ac\"><img loading=\"lazy\" decoding=\"async\" width=\"901\" height=\"512\" src=\"http:\/\/alugueletemporada.com.br\/wp-content\/uploads\/2025\/04\/o_que_oferece.png\" alt=\"\" class=\"wp-image-75\" srcset=\"https:\/\/alugueletemporada.com.br\/wp-content\/uploads\/2025\/04\/o_que_oferece.png 901w, https:\/\/alugueletemporada.com.br\/wp-content\/uploads\/2025\/04\/o_que_oferece-300x170.png 300w, https:\/\/alugueletemporada.com.br\/wp-content\/uploads\/2025\/04\/o_que_oferece-768x436.png 768w\" sizes=\"(max-width: 901px) 100vw, 901px\" \/><\/a><\/figure>\n\n\n\n<div class=\"wp-block-buttons is-content-justification-right is-layout-flex wp-container-core-buttons-is-layout-765c4724 wp-block-buttons-is-layout-flex\">\n<div class=\"wp-block-button\"><a class=\"wp-block-button__link has-vivid-red-background-color has-background wp-element-button\" href=\"https:\/\/www.airbnb.com.br\/rooms\/782478360232992077?guests=1&amp;adults=1&amp;s=67&amp;unique_share_id=849e4f6e-613e-4da4-aff1-0ce7dfad8de4\">Veja mais fotos no airbnb<\/a><\/div>\n<\/div>\n\n\n\n<figure class=\"wp-block-gallery has-nested-images columns-2 is-cropped wp-block-gallery-1 is-layout-flex wp-block-gallery-is-layout-flex\">\n<figure class=\"wp-block-image size-large\"><img loading=\"lazy\" decoding=\"async\" width=\"947\" height=\"626\" data-id=\"76\" src=\"http:\/\/alugueletemporada.com.br\/wp-content\/uploads\/2025\/04\/arejado_vistamar-1.png\" alt=\"\" class=\"wp-image-76\" srcset=\"https:\/\/alugueletemporada.com.br\/wp-content\/uploads\/2025\/04\/arejado_vistamar-1.png 947w, https:\/\/alugueletemporada.com.br\/wp-content\/uploads\/2025\/04\/arejado_vistamar-1-300x198.png 300w, https:\/\/alugueletemporada.com.br\/wp-content\/uploads\/2025\/04\/arejado_vistamar-1-768x508.png 768w\" sizes=\"(max-width: 947px) 100vw, 947px\" \/><\/figure>\n\n\n\n<figure class=\"wp-block-image size-large\"><img loading=\"lazy\" decoding=\"async\" width=\"941\" height=\"630\" data-id=\"77\" src=\"http:\/\/alugueletemporada.com.br\/wp-content\/uploads\/2025\/04\/banheiro_vistamar.png\" alt=\"\" class=\"wp-image-77\" srcset=\"https:\/\/alugueletemporada.com.br\/wp-content\/uploads\/2025\/04\/banheiro_vistamar.png 941w, https:\/\/alugueletemporada.com.br\/wp-content\/uploads\/2025\/04\/banheiro_vistamar-300x201.png 300w, https:\/\/alugueletemporada.com.br\/wp-content\/uploads\/2025\/04\/banheiro_vistamar-768x514.png 768w\" sizes=\"(max-width: 941px) 100vw, 941px\" \/><\/figure>\n\n\n\n<figure class=\"wp-block-image size-large\"><img loading=\"lazy\" decoding=\"async\" width=\"631\" height=\"393\" data-id=\"79\" src=\"http:\/\/alugueletemporada.com.br\/wp-content\/uploads\/2025\/04\/camas_vistamar.png\" alt=\"\" class=\"wp-image-79\" srcset=\"https:\/\/alugueletemporada.com.br\/wp-content\/uploads\/2025\/04\/camas_vistamar.png 631w, https:\/\/alugueletemporada.com.br\/wp-content\/uploads\/2025\/04\/camas_vistamar-300x187.png 300w\" sizes=\"(max-width: 631px) 100vw, 631px\" \/><\/figure>\n\n\n\n<figure class=\"wp-block-image size-large\"><img loading=\"lazy\" decoding=\"async\" width=\"837\" height=\"627\" data-id=\"78\" src=\"http:\/\/alugueletemporada.com.br\/wp-content\/uploads\/2025\/04\/Cooktop_vistamar.png\" alt=\"\" class=\"wp-image-78\" srcset=\"https:\/\/alugueletemporada.com.br\/wp-content\/uploads\/2025\/04\/Cooktop_vistamar.png 837w, https:\/\/alugueletemporada.com.br\/wp-content\/uploads\/2025\/04\/Cooktop_vistamar-300x225.png 300w, https:\/\/alugueletemporada.com.br\/wp-content\/uploads\/2025\/04\/Cooktop_vistamar-768x575.png 768w\" sizes=\"(max-width: 837px) 100vw, 837px\" \/><\/figure>\n\n\n\n<figure class=\"wp-block-image size-large\"><img decoding=\"async\" data-id=\"81\" src=\"http:\/\/alugueletemporada.com.br\/wp-content\/uploads\/2025\/04\/cozinha_vistamar.png\" alt=\"\" class=\"wp-image-81\"\/><\/figure>\n\n\n\n<figure class=\"wp-block-image size-large\"><img loading=\"lazy\" decoding=\"async\" width=\"947\" height=\"627\" data-id=\"80\" src=\"http:\/\/alugueletemporada.com.br\/wp-content\/uploads\/2025\/04\/cozinha2_vistamar.png\" alt=\"\" class=\"wp-image-80\" srcset=\"https:\/\/alugueletemporada.com.br\/wp-content\/uploads\/2025\/04\/cozinha2_vistamar.png 947w, https:\/\/alugueletemporada.com.br\/wp-content\/uploads\/2025\/04\/cozinha2_vistamar-300x199.png 300w, https:\/\/alugueletemporada.com.br\/wp-content\/uploads\/2025\/04\/cozinha2_vistamar-768x508.png 768w\" sizes=\"(max-width: 947px) 100vw, 947px\" \/><\/figure>\n\n\n\n<figure class=\"wp-block-image size-large\"><img loading=\"lazy\" decoding=\"async\" width=\"938\" height=\"627\" data-id=\"82\" src=\"http:\/\/alugueletemporada.com.br\/wp-content\/uploads\/2025\/04\/entrada_vistamar.png\" alt=\"\" class=\"wp-image-82\" srcset=\"https:\/\/alugueletemporada.com.br\/wp-content\/uploads\/2025\/04\/entrada_vistamar.png 938w, https:\/\/alugueletemporada.com.br\/wp-content\/uploads\/2025\/04\/entrada_vistamar-300x201.png 300w, https:\/\/alugueletemporada.com.br\/wp-content\/uploads\/2025\/04\/entrada_vistamar-768x513.png 768w\" sizes=\"(max-width: 938px) 100vw, 938px\" \/><\/figure>\n\n\n\n<figure class=\"wp-block-image size-large\"><img loading=\"lazy\" decoding=\"async\" width=\"943\" height=\"631\" data-id=\"83\" src=\"http:\/\/alugueletemporada.com.br\/wp-content\/uploads\/2025\/04\/espacoso_vistamar.png\" alt=\"\" class=\"wp-image-83\" srcset=\"https:\/\/alugueletemporada.com.br\/wp-content\/uploads\/2025\/04\/espacoso_vistamar.png 943w, https:\/\/alugueletemporada.com.br\/wp-content\/uploads\/2025\/04\/espacoso_vistamar-300x201.png 300w, https:\/\/alugueletemporada.com.br\/wp-content\/uploads\/2025\/04\/espacoso_vistamar-768x514.png 768w\" sizes=\"(max-width: 943px) 100vw, 943px\" \/><\/figure>\n\n\n\n<figure class=\"wp-block-image size-large\"><img loading=\"lazy\" decoding=\"async\" width=\"1024\" height=\"604\" data-id=\"84\" src=\"http:\/\/alugueletemporada.com.br\/wp-content\/uploads\/2025\/04\/mapa_vistamar-1024x604.png\" alt=\"\" class=\"wp-image-84\" srcset=\"https:\/\/alugueletemporada.com.br\/wp-content\/uploads\/2025\/04\/mapa_vistamar-1024x604.png 1024w, https:\/\/alugueletemporada.com.br\/wp-content\/uploads\/2025\/04\/mapa_vistamar-300x177.png 300w, https:\/\/alugueletemporada.com.br\/wp-content\/uploads\/2025\/04\/mapa_vistamar-768x453.png 768w, https:\/\/alugueletemporada.com.br\/wp-content\/uploads\/2025\/04\/mapa_vistamar.png 1063w\" sizes=\"(max-width: 1024px) 100vw, 1024px\" \/><\/figure>\n\n\n\n<figure class=\"wp-block-image size-large\"><img loading=\"lazy\" decoding=\"async\" width=\"942\" height=\"630\" data-id=\"85\" src=\"http:\/\/alugueletemporada.com.br\/wp-content\/uploads\/2025\/04\/mesa_vistamar.png\" alt=\"\" class=\"wp-image-85\" srcset=\"https:\/\/alugueletemporada.com.br\/wp-content\/uploads\/2025\/04\/mesa_vistamar.png 942w, https:\/\/alugueletemporada.com.br\/wp-content\/uploads\/2025\/04\/mesa_vistamar-300x201.png 300w, https:\/\/alugueletemporada.com.br\/wp-content\/uploads\/2025\/04\/mesa_vistamar-768x514.png 768w\" sizes=\"(max-width: 942px) 100vw, 942px\" \/><\/figure>\n\n\n\n<figure class=\"wp-block-image size-large\"><img loading=\"lazy\" decoding=\"async\" width=\"943\" height=\"630\" data-id=\"86\" src=\"http:\/\/alugueletemporada.com.br\/wp-content\/uploads\/2025\/04\/pertodapraia_vistamar.png\" alt=\"\" class=\"wp-image-86\" srcset=\"https:\/\/alugueletemporada.com.br\/wp-content\/uploads\/2025\/04\/pertodapraia_vistamar.png 943w, https:\/\/alugueletemporada.com.br\/wp-content\/uploads\/2025\/04\/pertodapraia_vistamar-300x200.png 300w, https:\/\/alugueletemporada.com.br\/wp-content\/uploads\/2025\/04\/pertodapraia_vistamar-768x513.png 768w\" sizes=\"(max-width: 943px) 100vw, 943px\" \/><\/figure>\n\n\n\n<figure class=\"wp-block-image size-large\"><img loading=\"lazy\" decoding=\"async\" width=\"583\" height=\"361\" data-id=\"87\" src=\"http:\/\/alugueletemporada.com.br\/wp-content\/uploads\/2025\/04\/pertodapraia2_vistamar.png\" alt=\"\" class=\"wp-image-87\" srcset=\"https:\/\/alugueletemporada.com.br\/wp-content\/uploads\/2025\/04\/pertodapraia2_vistamar.png 583w, https:\/\/alugueletemporada.com.br\/wp-content\/uploads\/2025\/04\/pertodapraia2_vistamar-300x186.png 300w\" sizes=\"(max-width: 583px) 100vw, 583px\" \/><\/figure>\n\n\n\n<figure class=\"wp-block-image size-large\"><img loading=\"lazy\" decoding=\"async\" width=\"947\" height=\"628\" data-id=\"88\" src=\"http:\/\/alugueletemporada.com.br\/wp-content\/uploads\/2025\/04\/pia_vistamar.png\" alt=\"\" class=\"wp-image-88\" srcset=\"https:\/\/alugueletemporada.com.br\/wp-content\/uploads\/2025\/04\/pia_vistamar.png 947w, https:\/\/alugueletemporada.com.br\/wp-content\/uploads\/2025\/04\/pia_vistamar-300x199.png 300w, https:\/\/alugueletemporada.com.br\/wp-content\/uploads\/2025\/04\/pia_vistamar-768x509.png 768w\" sizes=\"(max-width: 947px) 100vw, 947px\" \/><\/figure>\n\n\n\n<figure class=\"wp-block-image size-large\"><img loading=\"lazy\" decoding=\"async\" width=\"938\" height=\"627\" data-id=\"89\" src=\"http:\/\/alugueletemporada.com.br\/wp-content\/uploads\/2025\/04\/portaria_vistamar.png\" alt=\"\" class=\"wp-image-89\" srcset=\"https:\/\/alugueletemporada.com.br\/wp-content\/uploads\/2025\/04\/portaria_vistamar.png 938w, https:\/\/alugueletemporada.com.br\/wp-content\/uploads\/2025\/04\/portaria_vistamar-300x201.png 300w, https:\/\/alugueletemporada.com.br\/wp-content\/uploads\/2025\/04\/portaria_vistamar-768x513.png 768w\" sizes=\"(max-width: 938px) 100vw, 938px\" \/><\/figure>\n\n\n\n<figure class=\"wp-block-image size-large\"><img loading=\"lazy\" decoding=\"async\" width=\"942\" height=\"630\" data-id=\"90\" src=\"http:\/\/alugueletemporada.com.br\/wp-content\/uploads\/2025\/04\/quarto_vistamar.png\" alt=\"\" class=\"wp-image-90\" srcset=\"https:\/\/alugueletemporada.com.br\/wp-content\/uploads\/2025\/04\/quarto_vistamar.png 942w, https:\/\/alugueletemporada.com.br\/wp-content\/uploads\/2025\/04\/quarto_vistamar-300x201.png 300w, https:\/\/alugueletemporada.com.br\/wp-content\/uploads\/2025\/04\/quarto_vistamar-768x514.png 768w\" sizes=\"(max-width: 942px) 100vw, 942px\" \/><\/figure>\n\n\n\n<figure class=\"wp-block-image size-large\"><img loading=\"lazy\" decoding=\"async\" width=\"943\" height=\"632\" data-id=\"91\" src=\"http:\/\/alugueletemporada.com.br\/wp-content\/uploads\/2025\/04\/quarto2_vistamar.png\" alt=\"\" class=\"wp-image-91\" srcset=\"https:\/\/alugueletemporada.com.br\/wp-content\/uploads\/2025\/04\/quarto2_vistamar.png 943w, https:\/\/alugueletemporada.com.br\/wp-content\/uploads\/2025\/04\/quarto2_vistamar-300x201.png 300w, https:\/\/alugueletemporada.com.br\/wp-content\/uploads\/2025\/04\/quarto2_vistamar-768x515.png 768w\" sizes=\"(max-width: 943px) 100vw, 943px\" \/><\/figure>\n\n\n\n<figure class=\"wp-block-image size-large\"><img loading=\"lazy\" decoding=\"async\" width=\"950\" height=\"627\" data-id=\"92\" src=\"http:\/\/alugueletemporada.com.br\/wp-content\/uploads\/2025\/04\/quartoangulo_vistamar.png\" alt=\"\" class=\"wp-image-92\" srcset=\"https:\/\/alugueletemporada.com.br\/wp-content\/uploads\/2025\/04\/quartoangulo_vistamar.png 950w, https:\/\/alugueletemporada.com.br\/wp-content\/uploads\/2025\/04\/quartoangulo_vistamar-300x198.png 300w, https:\/\/alugueletemporada.com.br\/wp-content\/uploads\/2025\/04\/quartoangulo_vistamar-768x507.png 768w\" sizes=\"(max-width: 950px) 100vw, 950px\" \/><\/figure>\n\n\n\n<figure class=\"wp-block-image size-large\"><img loading=\"lazy\" decoding=\"async\" width=\"943\" height=\"628\" data-id=\"93\" src=\"http:\/\/alugueletemporada.com.br\/wp-content\/uploads\/2025\/04\/sofa_vistamar.png\" alt=\"\" class=\"wp-image-93\" srcset=\"https:\/\/alugueletemporada.com.br\/wp-content\/uploads\/2025\/04\/sofa_vistamar.png 943w, https:\/\/alugueletemporada.com.br\/wp-content\/uploads\/2025\/04\/sofa_vistamar-300x200.png 300w, https:\/\/alugueletemporada.com.br\/wp-content\/uploads\/2025\/04\/sofa_vistamar-768x511.png 768w\" sizes=\"(max-width: 943px) 100vw, 943px\" \/><\/figure>\n\n\n\n<figure class=\"wp-block-image size-large\"><img decoding=\"async\" data-id=\"94\" src=\"http:\/\/alugueletemporada.com.br\/wp-content\/uploads\/2025\/04\/vista_vistamar.png\" alt=\"\" class=\"wp-image-94\"\/><\/figure>\n<\/figure>\n\n\n\n<div class=\"wp-block-buttons is-content-justification-center is-layout-flex wp-container-core-buttons-is-layout-16018d1d wp-block-buttons-is-layout-flex\">\n<div class=\"wp-block-button\"><a class=\"wp-block-button__link wp-element-button\" href=\"https:\/\/www.airbnb.com.br\/rooms\/782478360232992077?guests=1&amp;adults=1&amp;s=67&amp;unique_share_id=849e4f6e-613e-4da4-aff1-0ce7dfad8de4\">Alugue agora e venha conhecer o melhor de Copacabana!<\/a><\/div>\n<\/div>\n\n\n\n<figure class=\"wp-block-image size-large\"><img loading=\"lazy\" decoding=\"async\" width=\"1024\" height=\"456\" src=\"http:\/\/alugueletemporada.com.br\/wp-content\/uploads\/2025\/04\/preferido_hospedes_grande-1024x456.png\" alt=\"\" class=\"wp-image-96\" srcset=\"https:\/\/alugueletemporada.com.br\/wp-content\/uploads\/2025\/04\/preferido_hospedes_grande-1024x456.png 1024w, https:\/\/alugueletemporada.com.br\/wp-content\/uploads\/2025\/04\/preferido_hospedes_grande-300x134.png 300w, https:\/\/alugueletemporada.com.br\/wp-content\/uploads\/2025\/04\/preferido_hospedes_grande-768x342.png 768w, https:\/\/alugueletemporada.com.br\/wp-content\/uploads\/2025\/04\/preferido_hospedes_grande.png 1408w\" sizes=\"(max-width: 1024px) 100vw, 1024px\" \/><\/figure>\n","protected":false},"excerpt":{"rendered":"<p>Espa\u00e7o inteiro: Apartamento em Rio de Janeiro, Brasil2 h\u00f3spedes \u00b7 1 quarto \u00b7 4 camas \u00b7 1 banheiro Sobre este espa\u00e7o Vista do Mar! 2 minutos da praia, bem-localizado, ventilado , iluminado e seguro! Portaria 24h , restaurantes, bancos, mercados, metr\u00f4, tudo na sua quadra. Poss\u00edvel barulho noturno, pois estar\u00e1 no cora\u00e7\u00e3o de Copacabana em [&hellip;]<\/p>\n","protected":false},"author":2,"featured_media":94,"parent":0,"menu_order":0,"comment_status":"closed","ping_status":"closed","template":"","meta":{"_et_pb_use_builder":"","_et_pb_old_content":"","_et_gb_content_width":"","footnotes":""},"class_list":["post-71","page","type-page","status-publish","has-post-thumbnail","hentry"],"_links":{"self":[{"href":"https:\/\/alugueletemporada.com.br\/index.php\/wp-json\/wp\/v2\/pages\/71","targetHints":{"allow":["GET"]}}],"collection":[{"href":"https:\/\/alugueletemporada.com.br\/index.php\/wp-json\/wp\/v2\/pages"}],"about":[{"href":"https:\/\/alugueletemporada.com.br\/index.php\/wp-json\/wp\/v2\/types\/page"}],"author":[{"embeddable":true,"href":"https:\/\/alugueletemporada.com.br\/index.php\/wp-json\/wp\/v2\/users\/2"}],"replies":[{"embeddable":true,"href":"https:\/\/alugueletemporada.com.br\/index.php\/wp-json\/wp\/v2\/comments?post=71"}],"version-history":[{"count":1,"href":"https:\/\/alugueletemporada.com.br\/index.php\/wp-json\/wp\/v2\/pages\/71\/revisions"}],"predecessor-version":[{"id":97,"href":"https:\/\/alugueletemporada.com.br\/index.php\/wp-json\/wp\/v2\/pages\/71\/revisions\/97"}],"wp:featuredmedia":[{"embeddable":true,"href":"https:\/\/alugueletemporada.com.br\/index.php\/wp-json\/wp\/v2\/media\/94"}],"wp:attachment":[{"href":"https:\/\/alugueletemporada.com.br\/index.php\/wp-json\/wp\/v2\/media?parent=71"}],"curies":[{"name":"wp","href":"https:\/\/api.w.org\/{rel}","templated":true}]}}