{"id":98,"date":"2025-04-24T13:55:57","date_gmt":"2025-04-24T16:55:57","guid":{"rendered":"http:\/\/alugueletemporada.com.br\/?page_id=98"},"modified":"2025-04-25T19:33:48","modified_gmt":"2025-04-25T22:33:48","slug":"pertinho-do-mar-em-copacabana-e-silencioso","status":"publish","type":"page","link":"https:\/\/alugueletemporada.com.br\/index.php\/pertinho-do-mar-em-copacabana-e-silencioso\/","title":{"rendered":"Pertinho do mar em Copacabana e silencioso"},"content":{"rendered":"\n<div class=\"wp-block-group is-layout-constrained wp-block-group-is-layout-constrained\">\n<div class=\"wp-block-columns is-layout-flex wp-container-core-columns-is-layout-9d6595d7 wp-block-columns-is-layout-flex\">\n<div class=\"wp-block-column is-layout-flow wp-block-column-is-layout-flow\" style=\"flex-basis:100%\">\n<div class=\"wp-block-columns is-layout-flex wp-container-core-columns-is-layout-9d6595d7 wp-block-columns-is-layout-flex\">\n<div class=\"wp-block-column is-layout-flow wp-block-column-is-layout-flow\">\n<p><strong>Espa\u00e7o inteiro:<\/strong> <br>Loft em Rio de Janeiro, Brasil<br>3 h\u00f3spedes \u00b7 1 quarto \u00b7 3 camas \u00b7 1 banheiro<\/p>\n<\/div>\n\n\n\n<div class=\"wp-block-column is-vertically-aligned-center is-layout-flow wp-block-column-is-layout-flow\">\n<div class=\"wp-block-buttons is-content-justification-right is-layout-flex wp-container-core-buttons-is-layout-765c4724 wp-block-buttons-is-layout-flex\">\n<div class=\"wp-block-button\"><a class=\"wp-block-button__link wp-element-button\" href=\"https:\/\/www.airbnb.com.br\/rooms\/44682305?guests=1&amp;adults=1&amp;s=67&amp;unique_share_id=a79b3bb5-c285-4fe5-b72e-7ae7b72f7a9d\">Alugue agora em seguran\u00e7a<\/a><\/div>\n<\/div>\n<\/div>\n<\/div>\n<\/div>\n<\/div>\n<\/div>\n\n\n\n<figure class=\"wp-block-image size-full\"><img loading=\"lazy\" decoding=\"async\" width=\"452\" height=\"112\" src=\"http:\/\/alugueletemporada.com.br\/wp-content\/uploads\/2025\/04\/Anfitriao_VaniaJacobina_11anos.png\" alt=\"Anfitri\u00e3 V\u00e3nia Jacobina - Superhost do airbnb\" class=\"wp-image-39\" srcset=\"https:\/\/alugueletemporada.com.br\/wp-content\/uploads\/2025\/04\/Anfitriao_VaniaJacobina_11anos.png 452w, https:\/\/alugueletemporada.com.br\/wp-content\/uploads\/2025\/04\/Anfitriao_VaniaJacobina_11anos-300x74.png 300w\" sizes=\"(max-width: 452px) 100vw, 452px\" \/><\/figure>\n\n\n\n<figure class=\"wp-block-image size-full\"><img loading=\"lazy\" decoding=\"async\" width=\"872\" height=\"158\" src=\"http:\/\/alugueletemporada.com.br\/wp-content\/uploads\/2025\/04\/preferido_perto_do_mar.png\" alt=\"\" class=\"wp-image-99\" srcset=\"https:\/\/alugueletemporada.com.br\/wp-content\/uploads\/2025\/04\/preferido_perto_do_mar.png 872w, https:\/\/alugueletemporada.com.br\/wp-content\/uploads\/2025\/04\/preferido_perto_do_mar-300x54.png 300w, https:\/\/alugueletemporada.com.br\/wp-content\/uploads\/2025\/04\/preferido_perto_do_mar-768x139.png 768w\" sizes=\"(max-width: 872px) 100vw, 872px\" \/><\/figure>\n\n\n\n<h2 class=\"wp-block-heading\">Sobre este espa\u00e7o<\/h2>\n\n\n\n<p>Vista para o Verde, claro e ventilado ! Excelente localiza\u00e7\u00e3o, na Av. Nossa Senhora de Copacabana 360, perto de tudo e seguro, com portaria 24h. Tem 2 entradas, uma para praia e outra para Rua General Barbosa Lima onde \u00e9 rua sem saida silenciosa e arborizada. Os h\u00f3spedes podem parar o carro nesta rua, geralmente tem vaga ou descer e pegar o metr\u00f4! TUDO pertinho, pode ir a p\u00e9 ou pegar facilmente v\u00e1rias condu\u00e7\u00f5es, at\u00e9 bike do Ita\u00fa. <a href=\"http:\/\/alugueletemporada.com.br\/index.php\/vista-mar-em-copacabana\/\" data-type=\"page\" data-id=\"71\">Veja os coment\u00e1rios!<\/a><\/p>\n\n\n\n<figure class=\"wp-block-image size-full\"><img loading=\"lazy\" decoding=\"async\" width=\"822\" height=\"282\" src=\"http:\/\/alugueletemporada.com.br\/wp-content\/uploads\/2025\/04\/localizacao.png\" alt=\"\" class=\"wp-image-74\" srcset=\"https:\/\/alugueletemporada.com.br\/wp-content\/uploads\/2025\/04\/localizacao.png 822w, https:\/\/alugueletemporada.com.br\/wp-content\/uploads\/2025\/04\/localizacao-300x103.png 300w, https:\/\/alugueletemporada.com.br\/wp-content\/uploads\/2025\/04\/localizacao-768x263.png 768w\" sizes=\"(max-width: 822px) 100vw, 822px\" \/><\/figure>\n\n\n\n<h2 class=\"wp-block-heading\">Onde voc\u00ea vai dormir<\/h2>\n\n\n\n<figure class=\"wp-block-image size-full\"><img loading=\"lazy\" decoding=\"async\" width=\"947\" height=\"627\" src=\"http:\/\/alugueletemporada.com.br\/wp-content\/uploads\/2025\/04\/quarto_perto_do_mar.png\" alt=\"\" class=\"wp-image-110\" srcset=\"https:\/\/alugueletemporada.com.br\/wp-content\/uploads\/2025\/04\/quarto_perto_do_mar.png 947w, https:\/\/alugueletemporada.com.br\/wp-content\/uploads\/2025\/04\/quarto_perto_do_mar-300x199.png 300w, https:\/\/alugueletemporada.com.br\/wp-content\/uploads\/2025\/04\/quarto_perto_do_mar-768x508.png 768w\" sizes=\"(max-width: 947px) 100vw, 947px\" \/><\/figure>\n\n\n\n<p>O espa\u00e7o possui um sof\u00e1 cama e uma cama de casal. Todo o espa\u00e7o foi rec\u00e9m reformado, limpo e arejado para o seu total comforto.<\/p>\n\n\n\n<figure class=\"wp-block-image size-full\"><a href=\"https:\/\/www.airbnb.com.br\/rooms\/782478360232992077?guests=1&amp;adults=1&amp;s=67&amp;unique_share_id=c423597f-f205-438e-aa95-9c2d5e0683ac\"><img loading=\"lazy\" decoding=\"async\" width=\"901\" height=\"512\" src=\"http:\/\/alugueletemporada.com.br\/wp-content\/uploads\/2025\/04\/o_que_oferece.png\" alt=\"\" class=\"wp-image-75\" srcset=\"https:\/\/alugueletemporada.com.br\/wp-content\/uploads\/2025\/04\/o_que_oferece.png 901w, https:\/\/alugueletemporada.com.br\/wp-content\/uploads\/2025\/04\/o_que_oferece-300x170.png 300w, https:\/\/alugueletemporada.com.br\/wp-content\/uploads\/2025\/04\/o_que_oferece-768x436.png 768w\" sizes=\"(max-width: 901px) 100vw, 901px\" \/><\/a><\/figure>\n\n\n\n<div class=\"wp-block-buttons is-content-justification-right is-layout-flex wp-container-core-buttons-is-layout-765c4724 wp-block-buttons-is-layout-flex\">\n<div class=\"wp-block-button\"><a class=\"wp-block-button__link has-vivid-red-background-color has-background wp-element-button\" href=\"https:\/\/www.airbnb.com.br\/rooms\/44682305?guests=1&amp;adults=1&amp;s=67&amp;unique_share_id=a79b3bb5-c285-4fe5-b72e-7ae7b72f7a9d\">Veja mais fotos no airbnb<\/a><\/div>\n<\/div>\n\n\n\n<figure class=\"wp-block-gallery has-nested-images columns-2 is-cropped wp-block-gallery-1 is-layout-flex wp-block-gallery-is-layout-flex\">\n<figure class=\"wp-block-image size-large\"><img loading=\"lazy\" decoding=\"async\" width=\"941\" height=\"627\" data-id=\"100\" src=\"http:\/\/alugueletemporada.com.br\/wp-content\/uploads\/2025\/04\/ageral_perto_do_mar.png\" alt=\"\" class=\"wp-image-100\" srcset=\"https:\/\/alugueletemporada.com.br\/wp-content\/uploads\/2025\/04\/ageral_perto_do_mar.png 941w, https:\/\/alugueletemporada.com.br\/wp-content\/uploads\/2025\/04\/ageral_perto_do_mar-300x200.png 300w, https:\/\/alugueletemporada.com.br\/wp-content\/uploads\/2025\/04\/ageral_perto_do_mar-768x512.png 768w\" sizes=\"(max-width: 941px) 100vw, 941px\" \/><\/figure>\n\n\n\n<figure class=\"wp-block-image size-large\"><img loading=\"lazy\" decoding=\"async\" width=\"838\" height=\"625\" data-id=\"101\" src=\"http:\/\/alugueletemporada.com.br\/wp-content\/uploads\/2025\/04\/banheiro_perto_do_mar.png\" alt=\"\" class=\"wp-image-101\" srcset=\"https:\/\/alugueletemporada.com.br\/wp-content\/uploads\/2025\/04\/banheiro_perto_do_mar.png 838w, https:\/\/alugueletemporada.com.br\/wp-content\/uploads\/2025\/04\/banheiro_perto_do_mar-300x224.png 300w, https:\/\/alugueletemporada.com.br\/wp-content\/uploads\/2025\/04\/banheiro_perto_do_mar-768x573.png 768w\" sizes=\"(max-width: 838px) 100vw, 838px\" \/><\/figure>\n\n\n\n<figure class=\"wp-block-image size-large\"><img loading=\"lazy\" decoding=\"async\" width=\"942\" height=\"626\" data-id=\"102\" src=\"http:\/\/alugueletemporada.com.br\/wp-content\/uploads\/2025\/04\/camacasal_perto_do_mar.png\" alt=\"\" class=\"wp-image-102\" srcset=\"https:\/\/alugueletemporada.com.br\/wp-content\/uploads\/2025\/04\/camacasal_perto_do_mar.png 942w, https:\/\/alugueletemporada.com.br\/wp-content\/uploads\/2025\/04\/camacasal_perto_do_mar-300x199.png 300w, https:\/\/alugueletemporada.com.br\/wp-content\/uploads\/2025\/04\/camacasal_perto_do_mar-768x510.png 768w\" sizes=\"(max-width: 942px) 100vw, 942px\" \/><\/figure>\n\n\n\n<figure class=\"wp-block-image size-large\"><img loading=\"lazy\" decoding=\"async\" width=\"945\" height=\"626\" data-id=\"103\" src=\"http:\/\/alugueletemporada.com.br\/wp-content\/uploads\/2025\/04\/camacasal2_perto_do_mar.png\" alt=\"\" class=\"wp-image-103\" srcset=\"https:\/\/alugueletemporada.com.br\/wp-content\/uploads\/2025\/04\/camacasal2_perto_do_mar.png 945w, https:\/\/alugueletemporada.com.br\/wp-content\/uploads\/2025\/04\/camacasal2_perto_do_mar-300x199.png 300w, https:\/\/alugueletemporada.com.br\/wp-content\/uploads\/2025\/04\/camacasal2_perto_do_mar-768x509.png 768w\" sizes=\"(max-width: 945px) 100vw, 945px\" \/><\/figure>\n\n\n\n<figure class=\"wp-block-image size-large\"><img loading=\"lazy\" decoding=\"async\" width=\"945\" height=\"632\" data-id=\"104\" src=\"http:\/\/alugueletemporada.com.br\/wp-content\/uploads\/2025\/04\/cozinha_perto_do_mar.png\" alt=\"\" class=\"wp-image-104\" srcset=\"https:\/\/alugueletemporada.com.br\/wp-content\/uploads\/2025\/04\/cozinha_perto_do_mar.png 945w, https:\/\/alugueletemporada.com.br\/wp-content\/uploads\/2025\/04\/cozinha_perto_do_mar-300x201.png 300w, https:\/\/alugueletemporada.com.br\/wp-content\/uploads\/2025\/04\/cozinha_perto_do_mar-768x514.png 768w\" sizes=\"(max-width: 945px) 100vw, 945px\" \/><\/figure>\n\n\n\n<figure class=\"wp-block-image size-large\"><img loading=\"lazy\" decoding=\"async\" width=\"942\" height=\"627\" data-id=\"105\" src=\"http:\/\/alugueletemporada.com.br\/wp-content\/uploads\/2025\/04\/cozinha2_perto_do_mar.png\" alt=\"\" class=\"wp-image-105\" srcset=\"https:\/\/alugueletemporada.com.br\/wp-content\/uploads\/2025\/04\/cozinha2_perto_do_mar.png 942w, https:\/\/alugueletemporada.com.br\/wp-content\/uploads\/2025\/04\/cozinha2_perto_do_mar-300x200.png 300w, https:\/\/alugueletemporada.com.br\/wp-content\/uploads\/2025\/04\/cozinha2_perto_do_mar-768x511.png 768w\" sizes=\"(max-width: 942px) 100vw, 942px\" \/><\/figure>\n\n\n\n<figure class=\"wp-block-image size-large\"><img loading=\"lazy\" decoding=\"async\" width=\"945\" height=\"627\" data-id=\"106\" src=\"http:\/\/alugueletemporada.com.br\/wp-content\/uploads\/2025\/04\/entrada_perto_do_mar.png\" alt=\"\" class=\"wp-image-106\" srcset=\"https:\/\/alugueletemporada.com.br\/wp-content\/uploads\/2025\/04\/entrada_perto_do_mar.png 945w, https:\/\/alugueletemporada.com.br\/wp-content\/uploads\/2025\/04\/entrada_perto_do_mar-300x199.png 300w, https:\/\/alugueletemporada.com.br\/wp-content\/uploads\/2025\/04\/entrada_perto_do_mar-768x510.png 768w\" sizes=\"(max-width: 945px) 100vw, 945px\" \/><\/figure>\n\n\n\n<figure class=\"wp-block-image size-large\"><img loading=\"lazy\" decoding=\"async\" width=\"947\" height=\"630\" data-id=\"107\" src=\"http:\/\/alugueletemporada.com.br\/wp-content\/uploads\/2025\/04\/entrada2_perto_do_mar.png\" alt=\"\" class=\"wp-image-107\" srcset=\"https:\/\/alugueletemporada.com.br\/wp-content\/uploads\/2025\/04\/entrada2_perto_do_mar.png 947w, https:\/\/alugueletemporada.com.br\/wp-content\/uploads\/2025\/04\/entrada2_perto_do_mar-300x200.png 300w, https:\/\/alugueletemporada.com.br\/wp-content\/uploads\/2025\/04\/entrada2_perto_do_mar-768x511.png 768w\" sizes=\"(max-width: 947px) 100vw, 947px\" \/><\/figure>\n\n\n\n<figure class=\"wp-block-image size-large\"><img loading=\"lazy\" decoding=\"async\" width=\"1024\" height=\"606\" data-id=\"108\" src=\"http:\/\/alugueletemporada.com.br\/wp-content\/uploads\/2025\/04\/entradapredio_perto_do_mar-1024x606.png\" alt=\"\" class=\"wp-image-108\" srcset=\"https:\/\/alugueletemporada.com.br\/wp-content\/uploads\/2025\/04\/entradapredio_perto_do_mar-1024x606.png 1024w, https:\/\/alugueletemporada.com.br\/wp-content\/uploads\/2025\/04\/entradapredio_perto_do_mar-300x177.png 300w, https:\/\/alugueletemporada.com.br\/wp-content\/uploads\/2025\/04\/entradapredio_perto_do_mar-768x454.png 768w, https:\/\/alugueletemporada.com.br\/wp-content\/uploads\/2025\/04\/entradapredio_perto_do_mar.png 1065w\" sizes=\"(max-width: 1024px) 100vw, 1024px\" \/><\/figure>\n\n\n\n<figure class=\"wp-block-image size-large\"><img loading=\"lazy\" decoding=\"async\" width=\"1024\" height=\"551\" data-id=\"109\" src=\"http:\/\/alugueletemporada.com.br\/wp-content\/uploads\/2025\/04\/mapa_perto_do_mar-1024x551.png\" alt=\"\" class=\"wp-image-109\" srcset=\"https:\/\/alugueletemporada.com.br\/wp-content\/uploads\/2025\/04\/mapa_perto_do_mar-1024x551.png 1024w, https:\/\/alugueletemporada.com.br\/wp-content\/uploads\/2025\/04\/mapa_perto_do_mar-300x161.png 300w, https:\/\/alugueletemporada.com.br\/wp-content\/uploads\/2025\/04\/mapa_perto_do_mar-768x413.png 768w, https:\/\/alugueletemporada.com.br\/wp-content\/uploads\/2025\/04\/mapa_perto_do_mar.png 1167w\" sizes=\"(max-width: 1024px) 100vw, 1024px\" \/><\/figure>\n\n\n\n<figure class=\"wp-block-image size-large\"><img loading=\"lazy\" decoding=\"async\" width=\"947\" height=\"627\" data-id=\"110\" src=\"http:\/\/alugueletemporada.com.br\/wp-content\/uploads\/2025\/04\/quarto_perto_do_mar.png\" alt=\"\" class=\"wp-image-110\" srcset=\"https:\/\/alugueletemporada.com.br\/wp-content\/uploads\/2025\/04\/quarto_perto_do_mar.png 947w, https:\/\/alugueletemporada.com.br\/wp-content\/uploads\/2025\/04\/quarto_perto_do_mar-300x199.png 300w, https:\/\/alugueletemporada.com.br\/wp-content\/uploads\/2025\/04\/quarto_perto_do_mar-768x508.png 768w\" sizes=\"(max-width: 947px) 100vw, 947px\" \/><\/figure>\n\n\n\n<figure class=\"wp-block-image size-large\"><img loading=\"lazy\" decoding=\"async\" width=\"942\" height=\"627\" data-id=\"111\" src=\"http:\/\/alugueletemporada.com.br\/wp-content\/uploads\/2025\/04\/quarto2_perto_do_mar.png\" alt=\"\" class=\"wp-image-111\" srcset=\"https:\/\/alugueletemporada.com.br\/wp-content\/uploads\/2025\/04\/quarto2_perto_do_mar.png 942w, https:\/\/alugueletemporada.com.br\/wp-content\/uploads\/2025\/04\/quarto2_perto_do_mar-300x200.png 300w, https:\/\/alugueletemporada.com.br\/wp-content\/uploads\/2025\/04\/quarto2_perto_do_mar-768x511.png 768w\" sizes=\"(max-width: 942px) 100vw, 942px\" \/><\/figure>\n\n\n\n<figure class=\"wp-block-image size-large\"><img loading=\"lazy\" decoding=\"async\" width=\"1024\" height=\"577\" data-id=\"112\" src=\"http:\/\/alugueletemporada.com.br\/wp-content\/uploads\/2025\/04\/referencia_perto_do_mar-1024x577.png\" alt=\"\" class=\"wp-image-112\" srcset=\"https:\/\/alugueletemporada.com.br\/wp-content\/uploads\/2025\/04\/referencia_perto_do_mar-1024x577.png 1024w, https:\/\/alugueletemporada.com.br\/wp-content\/uploads\/2025\/04\/referencia_perto_do_mar-300x169.png 300w, https:\/\/alugueletemporada.com.br\/wp-content\/uploads\/2025\/04\/referencia_perto_do_mar-768x433.png 768w, https:\/\/alugueletemporada.com.br\/wp-content\/uploads\/2025\/04\/referencia_perto_do_mar.png 1112w\" sizes=\"(max-width: 1024px) 100vw, 1024px\" \/><\/figure>\n\n\n\n<figure class=\"wp-block-image size-large\"><img loading=\"lazy\" decoding=\"async\" width=\"837\" height=\"627\" data-id=\"113\" src=\"http:\/\/alugueletemporada.com.br\/wp-content\/uploads\/2025\/04\/sofacama_perto_do_mar.png\" alt=\"\" class=\"wp-image-113\" srcset=\"https:\/\/alugueletemporada.com.br\/wp-content\/uploads\/2025\/04\/sofacama_perto_do_mar.png 837w, https:\/\/alugueletemporada.com.br\/wp-content\/uploads\/2025\/04\/sofacama_perto_do_mar-300x225.png 300w, https:\/\/alugueletemporada.com.br\/wp-content\/uploads\/2025\/04\/sofacama_perto_do_mar-768x575.png 768w\" sizes=\"(max-width: 837px) 100vw, 837px\" \/><\/figure>\n\n\n\n<figure class=\"wp-block-image size-large\"><img loading=\"lazy\" decoding=\"async\" width=\"947\" height=\"631\" data-id=\"114\" src=\"http:\/\/alugueletemporada.com.br\/wp-content\/uploads\/2025\/04\/vistageral_perto_do_mar.png\" alt=\"\" class=\"wp-image-114\" srcset=\"https:\/\/alugueletemporada.com.br\/wp-content\/uploads\/2025\/04\/vistageral_perto_do_mar.png 947w, https:\/\/alugueletemporada.com.br\/wp-content\/uploads\/2025\/04\/vistageral_perto_do_mar-300x200.png 300w, https:\/\/alugueletemporada.com.br\/wp-content\/uploads\/2025\/04\/vistageral_perto_do_mar-768x512.png 768w\" sizes=\"(max-width: 947px) 100vw, 947px\" \/><\/figure>\n<\/figure>\n\n\n\n<div class=\"wp-block-buttons is-content-justification-center is-layout-flex wp-container-core-buttons-is-layout-16018d1d wp-block-buttons-is-layout-flex\">\n<div class=\"wp-block-button\"><a class=\"wp-block-button__link wp-element-button\" href=\"https:\/\/www.airbnb.com.br\/rooms\/44682305?guests=1&amp;adults=1&amp;s=67&amp;unique_share_id=a79b3bb5-c285-4fe5-b72e-7ae7b72f7a9d\">Alugue agora e venha conhecer o melhor de Copacabana!<\/a><\/div>\n<\/div>\n\n\n\n<figure class=\"wp-block-image size-large\"><img loading=\"lazy\" decoding=\"async\" width=\"1024\" height=\"440\" src=\"http:\/\/alugueletemporada.com.br\/wp-content\/uploads\/2025\/04\/avaliacao_perto_do_mar-1024x440.png\" alt=\"\" class=\"wp-image-115\" srcset=\"https:\/\/alugueletemporada.com.br\/wp-content\/uploads\/2025\/04\/avaliacao_perto_do_mar-1024x440.png 1024w, https:\/\/alugueletemporada.com.br\/wp-content\/uploads\/2025\/04\/avaliacao_perto_do_mar-300x129.png 300w, https:\/\/alugueletemporada.com.br\/wp-content\/uploads\/2025\/04\/avaliacao_perto_do_mar-768x330.png 768w, https:\/\/alugueletemporada.com.br\/wp-content\/uploads\/2025\/04\/avaliacao_perto_do_mar.png 1437w\" sizes=\"(max-width: 1024px) 100vw, 1024px\" \/><\/figure>\n","protected":false},"excerpt":{"rendered":"<p>Espa\u00e7o inteiro: Loft em Rio de Janeiro, Brasil3 h\u00f3spedes \u00b7 1 quarto \u00b7 3 camas \u00b7 1 banheiro Sobre este espa\u00e7o Vista para o Verde, claro e ventilado ! Excelente localiza\u00e7\u00e3o, na Av. Nossa Senhora de Copacabana 360, perto de tudo e seguro, com portaria 24h. Tem 2 entradas, uma para praia e outra para [&hellip;]<\/p>\n","protected":false},"author":2,"featured_media":111,"parent":0,"menu_order":0,"comment_status":"closed","ping_status":"closed","template":"","meta":{"_et_pb_use_builder":"","_et_pb_old_content":"","_et_gb_content_width":"","footnotes":""},"class_list":["post-98","page","type-page","status-publish","has-post-thumbnail","hentry"],"_links":{"self":[{"href":"https:\/\/alugueletemporada.com.br\/index.php\/wp-json\/wp\/v2\/pages\/98","targetHints":{"allow":["GET"]}}],"collection":[{"href":"https:\/\/alugueletemporada.com.br\/index.php\/wp-json\/wp\/v2\/pages"}],"about":[{"href":"https:\/\/alugueletemporada.com.br\/index.php\/wp-json\/wp\/v2\/types\/page"}],"author":[{"embeddable":true,"href":"https:\/\/alugueletemporada.com.br\/index.php\/wp-json\/wp\/v2\/users\/2"}],"replies":[{"embeddable":true,"href":"https:\/\/alugueletemporada.com.br\/index.php\/wp-json\/wp\/v2\/comments?post=98"}],"version-history":[{"count":1,"href":"https:\/\/alugueletemporada.com.br\/index.php\/wp-json\/wp\/v2\/pages\/98\/revisions"}],"predecessor-version":[{"id":116,"href":"https:\/\/alugueletemporada.com.br\/index.php\/wp-json\/wp\/v2\/pages\/98\/revisions\/116"}],"wp:featuredmedia":[{"embeddable":true,"href":"https:\/\/alugueletemporada.com.br\/index.php\/wp-json\/wp\/v2\/media\/111"}],"wp:attachment":[{"href":"https:\/\/alugueletemporada.com.br\/index.php\/wp-json\/wp\/v2\/media?parent=98"}],"curies":[{"name":"wp","href":"https:\/\/api.w.org\/{rel}","templated":true}]}}